{"id":16124,"date":"2022-04-10T01:00:39","date_gmt":"2022-04-10T01:00:39","guid":{"rendered":"https:\/\/iluvs.cl\/valledehualqui\/?page_id=16124"},"modified":"2022-04-10T01:16:02","modified_gmt":"2022-04-10T01:16:02","slug":"historia","status":"publish","type":"page","link":"https:\/\/iluvs.cl\/valledehualqui\/historia\/","title":{"rendered":"Historia"},"content":{"rendered":"<div id=\"cmsmasters_row_95ag5uktw\" class=\"cmsmasters_row cmsmasters_color_scheme_default cmsmasters_row_top_default cmsmasters_row_bot_default cmsmasters_row_boxed\">\n<div class=\"cmsmasters_row_outer_parent\">\n<div class=\"cmsmasters_row_outer\">\n<div class=\"cmsmasters_row_inner\">\n<div class=\"cmsmasters_row_margin\">\n<div id=\"cmsmasters_column_zk5omchj7\" class=\"cmsmasters_column one_first\">\n<div class=\"cmsmasters_column_inner\"><div id=\"cmsmasters_heading_4wos9lwqux\" class=\"cmsmasters_heading_wrap cmsmasters_heading_align_center\">\n\t<h1 class=\"cmsmasters_heading\">Historia<\/h1>\n<\/div>\n<\/div><\/div>\n<\/div>\n<\/div>\n<\/div>\n<\/div>\n<\/div>\n<div id=\"cmsmasters_row_5gvkg7ygcz\" class=\"cmsmasters_row cmsmasters_color_scheme_default cmsmasters_row_top_default cmsmasters_row_bot_default cmsmasters_row_boxed\">\n<div class=\"cmsmasters_row_outer_parent\">\n<div class=\"cmsmasters_row_outer\">\n<div class=\"cmsmasters_row_inner\">\n<div class=\"cmsmasters_row_margin\">\n<div id=\"cmsmasters_column_fq0w6b1hbr\" class=\"cmsmasters_column one_first\">\n<div class=\"cmsmasters_column_inner\"><div id=\"cmsmasters_heading_pn8q62i7qa\" class=\"cmsmasters_heading_wrap cmsmasters_heading_align_center\">\n\t<h2 class=\"cmsmasters_heading\">C\u00f3noce nuestra historia<\/h2>\n<\/div><div class=\"aligncenter\"><div class=\"cmsmasters_img  cmsmasters_image_c\"><img decoding=\"async\" src=\"https:\/\/iluvs.cl\/valledehualqui\/wp-content\/uploads\/2015\/04\/67F3F4728A7E1EE0D41B5F00BF650076E67E200CC98451EF9Epimgpsh_fullsize_distr.png\" alt=\"Picture\" \/><\/div><\/div>\n<\/div><\/div>\n<\/div>\n<\/div>\n<\/div>\n<\/div>\n<\/div>\n<div id=\"cmsmasters_row_xvfbtny5j8\" class=\"cmsmasters_row cmsmasters_color_scheme_default cmsmasters_row_top_default cmsmasters_row_bot_default cmsmasters_row_boxed\">\n<div class=\"cmsmasters_row_outer_parent\">\n<div class=\"cmsmasters_row_outer\">\n<div class=\"cmsmasters_row_inner\">\n<div class=\"cmsmasters_row_margin\">\n<div id=\"cmsmasters_column_n5ypv0qg5p\" class=\"cmsmasters_column one_first\">\n<div class=\"cmsmasters_column_inner\"><div class=\"cmsmasters_text\">\n<p>Nuestro colegio particular subvencionado con financiamiento compartido EL VALLE DE HUALQUI, nace el a\u00f1o 2006, como escuela especial de lenguaje, en el a\u00f1o 2007 se reconoce oficialmente el nivel de ense\u00f1anza parvularia, pasando a denominarse COLEGIO EL VALLE DE HUALQUI, se encuentra ubicado en calle Fresia 196, sector las granjas.<\/p>\n<\/div>\n<\/div><\/div>\n<\/div>\n<\/div>\n<\/div>\n<\/div>\n<\/div>\n<div id=\"cmsmasters_row_5calom4dlt\" class=\"cmsmasters_row cmsmasters_color_scheme_default cmsmasters_row_top_default cmsmasters_row_bot_default cmsmasters_row_boxed\">\n<div class=\"cmsmasters_row_outer_parent\">\n<div class=\"cmsmasters_row_outer\">\n<div class=\"cmsmasters_row_inner\">\n<div class=\"cmsmasters_row_margin\">\n<div id=\"cmsmasters_column_pyjlifgs3i\" class=\"cmsmasters_column one_half\">\n<div class=\"cmsmasters_column_inner\"><div class=\"cmsmasters_img  cmsmasters_image_n\"><img decoding=\"async\" src=\"https:\/\/iluvs.cl\/valledehualqui\/wp-content\/uploads\/2022\/04\/01.png\" \/><\/div>\n<\/div><\/div>\n<div id=\"cmsmasters_column_xe313nswb\" class=\"cmsmasters_column one_half\">\n<div class=\"cmsmasters_column_inner\"><div class=\"cmsmasters_text\">\n<p style=\"text-align: justify;\">El colegio desde el 2012 se encuentra adscrito a la ley de subvenci\u00f3n especial preferencial SEP, con eso aumenta sus posibilidades de incorporaci\u00f3n a sectores m\u00e1s vulnerables de la poblaci\u00f3n comunal. Su actual directora es la se\u00f1orita M\u00aa Soledad Espinoza Garc\u00e9s, su actual matricula es de522 ni\u00f1os y ni\u00f1as que se distribuye en medio mayor a octavo b\u00e1sico, atendidos por Educadoras de P\u00e1rvulos, Educadoras Diferenciales, Profesoras B\u00e1sicas, Monitores de talleres.<\/p>\n<p style=\"text-align: justify;\">Contamos con planes y programas propios de ingl\u00e9s, impartiendo este idioma desde el primer nivel de transici\u00f3n (pre k\u00ednder) a octavo a\u00f1o b\u00e1sico, est\u00e1 incorporado a la jornada escolar completa, desde primer a\u00f1o b\u00e1sico. Adem\u00e1s nuestro establecimiento cuenta con proyecto de integraci\u00f3n escolar, desde primer nivel de transici\u00f3n a Octavo a\u00f1o b\u00e1sico. Atendiendo alumnos y alumnas con necesidades educativas permanentes y transitorias.<\/p>\n<\/div>\n<\/div><\/div>\n<\/div>\n<\/div>\n<\/div>\n<\/div>\n<\/div>\n<div id=\"cmsmasters_row_q4bivqqh58\" class=\"cmsmasters_row cmsmasters_color_scheme_default cmsmasters_row_top_default cmsmasters_row_bot_default cmsmasters_row_boxed\">\n<div class=\"cmsmasters_row_outer_parent\">\n<div class=\"cmsmasters_row_outer\">\n<div class=\"cmsmasters_row_inner\">\n<div class=\"cmsmasters_row_margin\">\n<div id=\"cmsmasters_column_dgzg1m0cye\" class=\"cmsmasters_column one_first\">\n<div class=\"cmsmasters_column_inner\"><div class=\"cmsmasters_text\">\n<p style=\"text-align: justify;\">En la actualidad se incorpora a la jornada de estudio de nuestros alumnos y alumnas; Talleres de Apoyo pedag\u00f3gico, talleres recreativos tales como m\u00fasica, instrumentos musicales, hidroterapia, basquetbol, patinaje, cheerleaders, F\u00fatbol Varones y Damas, Adem\u00e1s en los niveles de transici\u00f3n psicomotricidad. Nuestros alumnos y alumnas pueden optar a nuestro beneficio de alimentaci\u00f3n JUNAEB y becas por conceptos de financiamiento compartido y calificaciones.<\/p>\n<\/div>\n<div class=\"aligncenter\"><div class=\"cmsmasters_img  cmsmasters_image_c\"><img decoding=\"async\" src=\"https:\/\/iluvs.cl\/valledehualqui\/wp-content\/uploads\/2022\/04\/02-860x403.png\" \/><\/div><\/div>\n<\/div><\/div>\n<\/div>\n<\/div>\n<\/div>\n<\/div>\n<\/div>\n\n","protected":false},"excerpt":{"rendered":"","protected":false},"author":1,"featured_media":0,"parent":0,"menu_order":0,"comment_status":"closed","ping_status":"closed","template":"","meta":{"footnotes":""},"class_list":["post-16124","page","type-page","status-publish","hentry"],"yoast_head":"<!-- This site is optimized with the Yoast SEO plugin v18.5.1 - https:\/\/yoast.com\/wordpress\/plugins\/seo\/ -->\n<title>Historia - COLEGIO VALLE DE HUALQUI<\/title>\n<meta name=\"robots\" content=\"index, follow, max-snippet:-1, max-image-preview:large, max-video-preview:-1\" \/>\n<link rel=\"canonical\" href=\"https:\/\/iluvs.cl\/valledehualqui\/historia\/\" \/>\n<meta property=\"og:locale\" content=\"es_ES\" \/>\n<meta property=\"og:type\" content=\"article\" \/>\n<meta property=\"og:title\" content=\"Historia - COLEGIO VALLE DE HUALQUI\" \/>\n<meta property=\"og:url\" content=\"https:\/\/iluvs.cl\/valledehualqui\/historia\/\" \/>\n<meta property=\"og:site_name\" content=\"COLEGIO VALLE DE HUALQUI\" \/>\n<meta property=\"article:modified_time\" content=\"2022-04-10T01:16:02+00:00\" \/>\n<meta name=\"twitter:card\" content=\"summary_large_image\" \/>\n<meta name=\"twitter:label1\" content=\"Tiempo de lectura\" \/>\n\t<meta name=\"twitter:data1\" content=\"4 minutos\" \/>\n<script type=\"application\/ld+json\" class=\"yoast-schema-graph\">{\"@context\":\"https:\/\/schema.org\",\"@graph\":[{\"@type\":\"WebSite\",\"@id\":\"https:\/\/iluvs.cl\/valledehualqui\/#website\",\"url\":\"https:\/\/iluvs.cl\/valledehualqui\/\",\"name\":\"COLEGIO VALLE DE HUALQUI\",\"description\":\"Otro sitio realizado con WordPress\",\"potentialAction\":[{\"@type\":\"SearchAction\",\"target\":{\"@type\":\"EntryPoint\",\"urlTemplate\":\"https:\/\/iluvs.cl\/valledehualqui\/?s={search_term_string}\"},\"query-input\":\"required name=search_term_string\"}],\"inLanguage\":\"es\"},{\"@type\":\"WebPage\",\"@id\":\"https:\/\/iluvs.cl\/valledehualqui\/historia\/#webpage\",\"url\":\"https:\/\/iluvs.cl\/valledehualqui\/historia\/\",\"name\":\"Historia - COLEGIO VALLE DE HUALQUI\",\"isPartOf\":{\"@id\":\"https:\/\/iluvs.cl\/valledehualqui\/#website\"},\"datePublished\":\"2022-04-10T01:00:39+00:00\",\"dateModified\":\"2022-04-10T01:16:02+00:00\",\"breadcrumb\":{\"@id\":\"https:\/\/iluvs.cl\/valledehualqui\/historia\/#breadcrumb\"},\"inLanguage\":\"es\",\"potentialAction\":[{\"@type\":\"ReadAction\",\"target\":[\"https:\/\/iluvs.cl\/valledehualqui\/historia\/\"]}]},{\"@type\":\"BreadcrumbList\",\"@id\":\"https:\/\/iluvs.cl\/valledehualqui\/historia\/#breadcrumb\",\"itemListElement\":[{\"@type\":\"ListItem\",\"position\":1,\"name\":\"Home\",\"item\":\"https:\/\/iluvs.cl\/valledehualqui\/\"},{\"@type\":\"ListItem\",\"position\":2,\"name\":\"Historia\"}]}]}<\/script>\n<!-- \/ Yoast SEO plugin. -->","yoast_head_json":{"title":"Historia - COLEGIO VALLE DE HUALQUI","robots":{"index":"index","follow":"follow","max-snippet":"max-snippet:-1","max-image-preview":"max-image-preview:large","max-video-preview":"max-video-preview:-1"},"canonical":"https:\/\/iluvs.cl\/valledehualqui\/historia\/","og_locale":"es_ES","og_type":"article","og_title":"Historia - COLEGIO VALLE DE HUALQUI","og_url":"https:\/\/iluvs.cl\/valledehualqui\/historia\/","og_site_name":"COLEGIO VALLE DE HUALQUI","article_modified_time":"2022-04-10T01:16:02+00:00","twitter_card":"summary_large_image","twitter_misc":{"Tiempo de lectura":"4 minutos"},"schema":{"@context":"https:\/\/schema.org","@graph":[{"@type":"WebSite","@id":"https:\/\/iluvs.cl\/valledehualqui\/#website","url":"https:\/\/iluvs.cl\/valledehualqui\/","name":"COLEGIO VALLE DE HUALQUI","description":"Otro sitio realizado con WordPress","potentialAction":[{"@type":"SearchAction","target":{"@type":"EntryPoint","urlTemplate":"https:\/\/iluvs.cl\/valledehualqui\/?s={search_term_string}"},"query-input":"required name=search_term_string"}],"inLanguage":"es"},{"@type":"WebPage","@id":"https:\/\/iluvs.cl\/valledehualqui\/historia\/#webpage","url":"https:\/\/iluvs.cl\/valledehualqui\/historia\/","name":"Historia - COLEGIO VALLE DE HUALQUI","isPartOf":{"@id":"https:\/\/iluvs.cl\/valledehualqui\/#website"},"datePublished":"2022-04-10T01:00:39+00:00","dateModified":"2022-04-10T01:16:02+00:00","breadcrumb":{"@id":"https:\/\/iluvs.cl\/valledehualqui\/historia\/#breadcrumb"},"inLanguage":"es","potentialAction":[{"@type":"ReadAction","target":["https:\/\/iluvs.cl\/valledehualqui\/historia\/"]}]},{"@type":"BreadcrumbList","@id":"https:\/\/iluvs.cl\/valledehualqui\/historia\/#breadcrumb","itemListElement":[{"@type":"ListItem","position":1,"name":"Home","item":"https:\/\/iluvs.cl\/valledehualqui\/"},{"@type":"ListItem","position":2,"name":"Historia"}]}]}},"_links":{"self":[{"href":"https:\/\/iluvs.cl\/valledehualqui\/wp-json\/wp\/v2\/pages\/16124","targetHints":{"allow":["GET"]}}],"collection":[{"href":"https:\/\/iluvs.cl\/valledehualqui\/wp-json\/wp\/v2\/pages"}],"about":[{"href":"https:\/\/iluvs.cl\/valledehualqui\/wp-json\/wp\/v2\/types\/page"}],"author":[{"embeddable":true,"href":"https:\/\/iluvs.cl\/valledehualqui\/wp-json\/wp\/v2\/users\/1"}],"replies":[{"embeddable":true,"href":"https:\/\/iluvs.cl\/valledehualqui\/wp-json\/wp\/v2\/comments?post=16124"}],"version-history":[{"count":15,"href":"https:\/\/iluvs.cl\/valledehualqui\/wp-json\/wp\/v2\/pages\/16124\/revisions"}],"predecessor-version":[{"id":16141,"href":"https:\/\/iluvs.cl\/valledehualqui\/wp-json\/wp\/v2\/pages\/16124\/revisions\/16141"}],"wp:attachment":[{"href":"https:\/\/iluvs.cl\/valledehualqui\/wp-json\/wp\/v2\/media?parent=16124"}],"curies":[{"name":"wp","href":"https:\/\/api.w.org\/{rel}","templated":true}]}}