{"id":16142,"date":"2022-04-10T01:17:46","date_gmt":"2022-04-10T01:17:46","guid":{"rendered":"https:\/\/iluvs.cl\/valledehualqui\/?page_id=16142"},"modified":"2022-05-05T01:52:00","modified_gmt":"2022-05-05T01:52:00","slug":"proyecto-educativo","status":"publish","type":"page","link":"https:\/\/iluvs.cl\/valledehualqui\/proyecto-educativo\/","title":{"rendered":"Proyecto Educativo"},"content":{"rendered":"<div id=\"cmsmasters_row_95ag5uktw\" class=\"cmsmasters_row cmsmasters_color_scheme_default cmsmasters_row_top_default cmsmasters_row_bot_default cmsmasters_row_boxed\">\n<div class=\"cmsmasters_row_outer_parent\">\n<div class=\"cmsmasters_row_outer\">\n<div class=\"cmsmasters_row_inner\">\n<div class=\"cmsmasters_row_margin\">\n<div id=\"cmsmasters_column_zk5omchj7\" class=\"cmsmasters_column one_first\">\n<div class=\"cmsmasters_column_inner\"><div id=\"cmsmasters_heading_4wos9lwqux\" class=\"cmsmasters_heading_wrap cmsmasters_heading_align_center\">\n\t<h1 class=\"cmsmasters_heading\">Proyecto Educativo<\/h1>\n<\/div>\n<\/div><\/div>\n<div id=\"cmsmasters_column_3h18ymzhil\" class=\"cmsmasters_column one_first\">\n<div class=\"cmsmasters_column_inner\"><\/div><\/div>\n<\/div>\n<\/div>\n<\/div>\n<\/div>\n<\/div>\n<div id=\"cmsmasters_row_5calom4dlt\" class=\"cmsmasters_row cmsmasters_color_scheme_default cmsmasters_row_top_default cmsmasters_row_bot_default cmsmasters_row_boxed\">\n<div class=\"cmsmasters_row_outer_parent\">\n<div class=\"cmsmasters_row_outer\">\n<div class=\"cmsmasters_row_inner\">\n<div class=\"cmsmasters_row_margin\">\n<div id=\"cmsmasters_column_pyjlifgs3i\" class=\"cmsmasters_column one_third\">\n<div class=\"cmsmasters_column_inner\"><div class=\"aligncenter\"><div class=\"cmsmasters_img  cmsmasters_image_c\"><img decoding=\"async\" src=\"https:\/\/iluvs.cl\/valledehualqui\/wp-content\/uploads\/2022\/04\/IMG-46-300x300.jpg\" \/><\/div><\/div><div id=\"cmsmasters_heading_1sbncloesm\" class=\"cmsmasters_heading_wrap cmsmasters_heading_align_center\">\n\t<h3 class=\"cmsmasters_heading\">Nuestra Misi\u00f3n<\/h3>\n<\/div><div class=\"cmsmasters_text\">\n<p style=\"text-align: justify;\">Somos una instituci\u00f3n educativa de la comuna de Hualqui, cuyo prop\u00f3sito es ofrecer una ense\u00f1anza basada en el desarrollo hol\u00edstico del ser humano, promoviendo la adquisici\u00f3n de competencias, valores, habilidades deportivas y vida saludable, que contribuyan a la formaci\u00f3n de personas l\u00edderes, proactivas e \u00edntegras, con un alto grado de compromiso con el cuidado del medio ambiente, entorno social y cultural.<\/p>\n<\/div>\n<\/div><\/div>\n<div id=\"cmsmasters_column_xe313nswb\" class=\"cmsmasters_column one_third\">\n<div class=\"cmsmasters_column_inner\"><div class=\"aligncenter\"><div class=\"cmsmasters_img  cmsmasters_image_c\"><img decoding=\"async\" src=\"https:\/\/iluvs.cl\/valledehualqui\/wp-content\/uploads\/2022\/04\/IMG-11-300x300.jpg\" \/><\/div><\/div><div id=\"cmsmasters_heading_uclrbagt1e\" class=\"cmsmasters_heading_wrap cmsmasters_heading_align_center\">\n\t<h3 class=\"cmsmasters_heading\">Nuestra Visi\u00f3n<\/h3>\n<\/div><div class=\"cmsmasters_text\">\n<div class=\"vis\">\n<p style=\"text-align: justify;\">Queremos ser una instituci\u00f3n educativa reconocida, por su excelencia acad\u00e9mica y por contribuir al cuidado del medio ambiente. Deseamos ser una escuela efectiva, con un fuerte sentido de identidad por parte de sus integrantes y una cultura basada en la cooperaci\u00f3n, respeto y el bienestar, con un clima escolar positivo. Donde sus miembros, en la b\u00fasqueda constante de la mejora escolar, innoven en los procesos educativos en busca de la excelencia, enfrentando los nuevos desaf\u00edos a trav\u00e9s del desarrollo de capacidades profesionales y de la acci\u00f3n conjunta de los propios implicados, con la participaci\u00f3n activa de la familia en el proceso formativo.<\/p>\n<\/div>\n<\/div>\n<\/div><\/div>\n<div id=\"cmsmasters_column_5blzkf9fpd\" class=\"cmsmasters_column one_third\">\n<div class=\"cmsmasters_column_inner\"><div class=\"aligncenter\"><div class=\"cmsmasters_img  cmsmasters_image_c\"><img decoding=\"async\" src=\"https:\/\/iluvs.cl\/valledehualqui\/wp-content\/uploads\/2022\/04\/IMG-42-300x300.jpg\" \/><\/div><\/div><div id=\"cmsmasters_heading_d8nehbe6h\" class=\"cmsmasters_heading_wrap cmsmasters_heading_align_center\">\n\t<h3 class=\"cmsmasters_heading\">Nuestros Sellos Educativos<\/h3>\n<\/div><div class=\"cmsmasters_text\">\n<div class=\"vis\">\n<ul>\n<li style=\"text-align: left;\">Educaci\u00f3n Hol\u00edstica.<\/li>\n<li style=\"text-align: left;\">Sustentabilidad.<\/li>\n<li style=\"text-align: left;\">Clima escolar positivo.<\/li>\n<li style=\"text-align: left;\">Innovaci\u00f3n.<\/li>\n<li style=\"text-align: left;\">Vida saludable.<\/li>\n<\/ul>\n<\/div>\n<\/div>\n<\/div><\/div>\n<\/div>\n<\/div>\n<\/div>\n<\/div>\n<\/div>\n<div id=\"cmsmasters_row_6pk9hjbar9\" class=\"cmsmasters_row cmsmasters_color_scheme_second cmsmasters_row_top_default cmsmasters_row_bot_default cmsmasters_row_boxed\">\n<div class=\"cmsmasters_row_outer_parent\">\n<div class=\"cmsmasters_row_outer\">\n<div class=\"cmsmasters_row_inner\">\n<div class=\"cmsmasters_row_margin\">\n<div id=\"cmsmasters_column_tuyfoozl2\" class=\"cmsmasters_column one_first\">\n<div class=\"cmsmasters_column_inner\"><div class=\"cmsmasters_img  cmsmasters_image_n\"><img decoding=\"async\" src=\"https:\/\/iluvs.cl\/valledehualqui\/wp-content\/uploads\/2022\/04\/06.png\" \/><\/div><div id=\"cmsmasters_heading_u0zqg60o9f\" class=\"cmsmasters_heading_wrap cmsmasters_heading_align_center\">\n\t<h3 class=\"cmsmasters_heading\">Nuestros Valores Formativos<\/h3>\n<\/div>\n<\/div><\/div>\n<\/div>\n<\/div>\n<\/div>\n<\/div>\n<\/div>\n<div id=\"cmsmasters_row_am224gzu\" class=\"cmsmasters_row cmsmasters_color_scheme_second cmsmasters_row_top_default cmsmasters_row_bot_default cmsmasters_row_boxed\">\n<div class=\"cmsmasters_row_outer_parent\">\n<div class=\"cmsmasters_row_outer\">\n<div class=\"cmsmasters_row_inner\">\n<div class=\"cmsmasters_row_margin\">\n<div id=\"cmsmasters_column_xuidto3sy\" class=\"cmsmasters_column one_third\">\n<div class=\"cmsmasters_column_inner\"><div id=\"cmsmasters_icon_box_5lcs8h1tos\" class=\"cmsmasters_icon_box cmsmasters_icon_heading_left box_icon_type_icon\">\n<div class=\"icon_box_inner\">\n<h4 class=\"icon_box_heading cmsmasters-icon-angellist\">LIBERTAD<\/h4>\n<div class=\"icon_box_text\">\n<div id=\"cmsmasters_heading_09hfbqbnij\" class=\"cmsmasters_heading_wrap cmsmasters_heading_align_left\">\n\t<h5 class=\"cmsmasters_heading\">facultad o capacidad del ser humano de actuar seg\u00fan sus criterios, raz\u00f3n y voluntad, sin m\u00e1s limitaciones que el respeto a la libertad de los dem\u00e1s.\u00a0 La libertad conlleva un sentido de responsabilidad individual y social..<\/h5>\n<\/div>\n<\/div>\n<\/div>\n<\/div>\n<div id=\"cmsmasters_divider_rkgaqdjn1q\" class=\"cl\"><\/div>\n<div id=\"cmsmasters_icon_box_u4rr3xyd3e\" class=\"cmsmasters_icon_box cmsmasters_icon_heading_left box_icon_type_icon\">\n<div class=\"icon_box_inner\">\n<h4 class=\"icon_box_heading cmsmasters-icon-custom-launch\">EMPAT\u00cdA<\/h4>\n<div class=\"icon_box_text\">\n<div id=\"cmsmasters_heading_g2pg3okeq\" class=\"cmsmasters_heading_wrap cmsmasters_heading_align_left\">\n\t<h5 class=\"cmsmasters_heading\">actitud o capacidad que tiene una persona de percibir los sentimientos, pensamientos y emociones de los dem\u00e1s, basada en el reconocimiento del otro como similar, es decir, como un individuo similar con mente propia.<\/h5>\n<\/div>\n<\/div>\n<\/div>\n<\/div>\n<\/div><\/div>\n<div id=\"cmsmasters_column_mqbhh7sxk\" class=\"cmsmasters_column one_third\">\n<div class=\"cmsmasters_column_inner\"><div id=\"cmsmasters_icon_box_76zf9nop0f\" class=\"cmsmasters_icon_box cmsmasters_icon_heading_left box_icon_type_icon\">\n<div class=\"icon_box_inner\">\n<h4 class=\"icon_box_heading cmsmasters-icon-link-3\">RESPETO<\/h4>\n<div class=\"icon_box_text\">\n<div id=\"cmsmasters_heading_283hucuvu\" class=\"cmsmasters_heading_wrap cmsmasters_heading_align_left\">\n\t<h5 class=\"cmsmasters_heading\">Actitud mediante el cual una persona act\u00faa teniendo en cuenta las normas, los intereses, las capacidades, las preferencias, los miedos y\/o los sentimientos de los dem\u00e1s, porque es consciente de la importancia que tienen las personas, la naturaleza y las cosas.<\/h5>\n<\/div>\n<\/div>\n<\/div>\n<\/div>\n<div id=\"cmsmasters_divider_vtkzt1xyv8\" class=\"cl\"><\/div>\n<div id=\"cmsmasters_icon_box_9jkp8d1epk\" class=\"cmsmasters_icon_box cmsmasters_icon_heading_left box_icon_type_icon\">\n<div class=\"icon_box_inner\">\n<h4 class=\"icon_box_heading cmsmasters-icon-user-confirm\">IDENTIDAD<\/h4>\n<div class=\"icon_box_text\">\n<div id=\"cmsmasters_heading_eep6459tly\" class=\"cmsmasters_heading_wrap cmsmasters_heading_align_left\">\n\t<h5 class=\"cmsmasters_heading\">Capacidad de reconocerse como integrante de un grupo social, de una comunidad, de su pa\u00eds y del mundo, donde cada uno se perciba en un ambiente que les permita actuar responsable y activamente, en los procesos que incidir\u00e1n en sus entornos, comunidad y sociedad a la que pertenecen.<\/h5>\n<\/div>\n<\/div>\n<\/div>\n<\/div>\n\n<div id=\"cmsmasters_divider_ubztj0s3zq\" class=\"cl\"><\/div>\n<div id=\"cmsmasters_icon_box_vhkjfir9sb\" class=\"cmsmasters_icon_box cmsmasters_icon_heading_left box_icon_type_icon\">\n<div class=\"icon_box_inner\">\n<h4 class=\"icon_box_heading cmsmasters-icon-smile-1\">HUMILDAD<\/h4>\n<div class=\"icon_box_text\">\n<div id=\"cmsmasters_heading_tuwoczb223\" class=\"cmsmasters_heading_wrap cmsmasters_heading_align_left\">\n\t<h5 class=\"cmsmasters_heading\">Ser humilde es reconocer que todas las personas son valiosas, que todos tienen talentos y dones que se pueden compartir y aprender de los dem\u00e1s. Si se cometen errores, demostrar humildad es recibir sugerencias para corregir errores.<\/h5>\n<\/div>\n<\/div>\n<\/div>\n<\/div>\n<\/div><\/div>\n<div id=\"cmsmasters_column_q7d44cqv5j\" class=\"cmsmasters_column one_third\">\n<div class=\"cmsmasters_column_inner\"><div id=\"cmsmasters_icon_box_vla224hexm\" class=\"cmsmasters_icon_box cmsmasters_icon_heading_left box_icon_type_icon\">\n<div class=\"icon_box_inner\">\n<h4 class=\"icon_box_heading cmsmasters-icon-heart\">AMOR<\/h4>\n<div class=\"icon_box_text\">\n<div id=\"cmsmasters_heading_2zsdlapim\" class=\"cmsmasters_heading_wrap cmsmasters_heading_align_left\">\n\t<h5 class=\"cmsmasters_heading\"><span style=\"font-weight: 400;\">El amor es uno de los valores m\u00e1s importantes. Es la fuerza que nos impulsa para hacer las cosas bien, por eso es considerado un valor que tiene muy clara la diferencia entre el bien y el mal.<\/span><\/p>\n<p><\/h5>\n<\/div>\n<\/div>\n<\/div>\n<\/div>\n<div id=\"cmsmasters_divider_sxt4rlou4d\" class=\"cl\"><\/div>\n<div id=\"cmsmasters_icon_box_23d1xzah68\" class=\"cmsmasters_icon_box cmsmasters_icon_heading_left box_icon_type_icon\">\n<div class=\"icon_box_inner\">\n<h4 class=\"icon_box_heading cmsmasters-icon-flash-1\">JUSTICIA<\/h4>\n<div class=\"icon_box_text\">\n<div id=\"cmsmasters_heading_y2teyq1nnf\" class=\"cmsmasters_heading_wrap cmsmasters_heading_align_left\">\n\t<h5 class=\"cmsmasters_heading\"><span style=\"font-weight: 400;\">La justicia es un valor que inclina a obrar y juzgar, teniendo por gu\u00eda la verdad y dando a cada uno lo que le pertenece.<\/span><\/h5>\n<\/div>\n<\/div>\n<\/div>\n<\/div>\n<\/div><\/div>\n<\/div>\n<\/div>\n<\/div>\n<\/div>\n<\/div>\n<div id=\"cmsmasters_row_fcj9agvsj\" class=\"cmsmasters_row cmsmasters_color_scheme_second cmsmasters_row_top_default cmsmasters_row_bot_default cmsmasters_row_boxed\">\n<div class=\"cmsmasters_row_outer_parent\">\n<div class=\"cmsmasters_row_outer\">\n<div class=\"cmsmasters_row_inner\">\n<div class=\"cmsmasters_row_margin\">\n<div id=\"cmsmasters_column_wk6i8dkxr4\" class=\"cmsmasters_column one_first\">\n<div class=\"cmsmasters_column_inner\"><div class=\"aligncenter\"><div class=\"cmsmasters_img  cmsmasters_image_c\"><img decoding=\"async\" src=\"https:\/\/iluvs.cl\/valledehualqui\/wp-content\/uploads\/2022\/04\/05-860x575.png\" \/><\/div><\/div><div id=\"cmsmasters_heading_tkef461t7s\" class=\"cmsmasters_heading_wrap cmsmasters_heading_align_center\">\n\t<h3 class=\"cmsmasters_heading\">Propuesta Pedag\u00f3gica<\/h3>\n<\/div><div class=\"cmsmasters_text\">\n<div class=\"gmail_default\" style=\"text-align: justify;\">El Modelo Pedag\u00f3gico del Colegio El Valle de Hualqui, busca alcanzar unacoherencia entre el proceso de ense\u00f1anza &#8211; aprendizaje, con aquello que ocurre en la sala de clases. Cuyo objetivo es alcanzar la excelencia acad\u00e9mica y explicitar la intencionalidad curricular del colegio, priorizando los objetivos, habilidades y actitudes del curr\u00edculum en funci\u00f3n de las caracter\u00edsticas de los estudiantes y del entorno, la inserci\u00f3n de Tecnolog\u00edas de Informaci\u00f3n y Comunicaci\u00f3n (TIC`s) en la ense\u00f1anza, el aprendizaje y la gesti\u00f3n del conocimiento, establecer componente did\u00e1ctico en los contenidos, estableciendo metodolog\u00eda, estrategias y aspectos evaluativos de ense\u00f1anza y aprendizaje, contextualizadas a sus vivencias, intereses y experiencias previas, con el prop\u00f3sito de formar un estudiante, dotado de una visi\u00f3n de mundo\/sociedad, conocimientos, competencias y valores.<\/div>\n<div><\/div>\n<div class=\"gmail_default\" style=\"text-align: justify;\">\n<p>Bajo el enfoque constructivista-social, centrado en el estudiante y su aprendizaje, tomando un rol activo en construcci\u00f3n de su aprendizaje, y con docentes que proveen las condiciones \u00f3ptimas para el desarrollo del mismo, guiando y orientando. Aspiramos a que el Modelo Pedag\u00f3gico, entregue lineamientos centrales y que todos: docentes, estudiantes y la familia, se adhieran a \u00e9l con entusiasmo y energ\u00eda, sabiendo que los resultados que aspiramos, se alcanzar\u00e1n.<\/p>\n<p><strong>Objetivo General:<br \/>\n<\/strong><br \/>\nOrganizar procesos pedag\u00f3gicos y de trabajo colaborativo, que potencien el desarrollo de competencias, talentos y valores en nuestros\/as estudiantes. A trav\u00e9s de una ense\u00f1anza integral y un liderazgo activo del docente, promoviendo una cultura de altas expectativas y la mejora sostenida de resultados acad\u00e9micos.<\/p>\n<p><strong>Objetivo Espec\u00edfico:<\/strong><\/p>\n<\/div>\n<ol>\n<li class=\"gmail_default\" style=\"text-align: justify;\">Conducir el proceso educativo mediante lineamientos educativos comunes, cimentado en un cuerpo docente dotado de conocimientos (teor\u00eda educativa) y recomendaciones t\u00e9cnicas (pr\u00e1ctica educativa).<\/li>\n<li class=\"gmail_default\" style=\"text-align: justify;\">Promoci\u00f3n de una cultura de altas expectativas, mejora sostenida de resultados acad\u00e9micos y formativos de la instituci\u00f3n. Mediante m\u00e9todos, estrategias innovadoras y coherencia en los procesos de evaluaci\u00f3n.<\/li>\n<\/ol>\n<\/div>\n<\/div><\/div>\n<\/div>\n<\/div>\n<\/div>\n<\/div>\n<\/div>\n\n","protected":false},"excerpt":{"rendered":"","protected":false},"author":1,"featured_media":0,"parent":0,"menu_order":0,"comment_status":"closed","ping_status":"closed","template":"","meta":{"footnotes":""},"class_list":["post-16142","page","type-page","status-publish","hentry"],"yoast_head":"<!-- This site is optimized with the Yoast SEO plugin v18.5.1 - https:\/\/yoast.com\/wordpress\/plugins\/seo\/ -->\n<title>Proyecto Educativo - COLEGIO VALLE DE HUALQUI<\/title>\n<meta name=\"robots\" content=\"index, follow, max-snippet:-1, max-image-preview:large, max-video-preview:-1\" \/>\n<link rel=\"canonical\" href=\"https:\/\/iluvs.cl\/valledehualqui\/proyecto-educativo\/\" \/>\n<meta property=\"og:locale\" content=\"es_ES\" \/>\n<meta property=\"og:type\" content=\"article\" \/>\n<meta property=\"og:title\" content=\"Proyecto Educativo - COLEGIO VALLE DE HUALQUI\" \/>\n<meta property=\"og:url\" content=\"https:\/\/iluvs.cl\/valledehualqui\/proyecto-educativo\/\" \/>\n<meta property=\"og:site_name\" content=\"COLEGIO VALLE DE HUALQUI\" \/>\n<meta property=\"article:modified_time\" content=\"2022-05-05T01:52:00+00:00\" \/>\n<meta name=\"twitter:card\" content=\"summary_large_image\" \/>\n<meta name=\"twitter:label1\" content=\"Tiempo de lectura\" \/>\n\t<meta name=\"twitter:data1\" content=\"12 minutos\" \/>\n<script type=\"application\/ld+json\" class=\"yoast-schema-graph\">{\"@context\":\"https:\/\/schema.org\",\"@graph\":[{\"@type\":\"WebSite\",\"@id\":\"https:\/\/iluvs.cl\/valledehualqui\/#website\",\"url\":\"https:\/\/iluvs.cl\/valledehualqui\/\",\"name\":\"COLEGIO VALLE DE HUALQUI\",\"description\":\"Otro sitio realizado con WordPress\",\"potentialAction\":[{\"@type\":\"SearchAction\",\"target\":{\"@type\":\"EntryPoint\",\"urlTemplate\":\"https:\/\/iluvs.cl\/valledehualqui\/?s={search_term_string}\"},\"query-input\":\"required name=search_term_string\"}],\"inLanguage\":\"es\"},{\"@type\":\"WebPage\",\"@id\":\"https:\/\/iluvs.cl\/valledehualqui\/proyecto-educativo\/#webpage\",\"url\":\"https:\/\/iluvs.cl\/valledehualqui\/proyecto-educativo\/\",\"name\":\"Proyecto Educativo - COLEGIO VALLE DE HUALQUI\",\"isPartOf\":{\"@id\":\"https:\/\/iluvs.cl\/valledehualqui\/#website\"},\"datePublished\":\"2022-04-10T01:17:46+00:00\",\"dateModified\":\"2022-05-05T01:52:00+00:00\",\"breadcrumb\":{\"@id\":\"https:\/\/iluvs.cl\/valledehualqui\/proyecto-educativo\/#breadcrumb\"},\"inLanguage\":\"es\",\"potentialAction\":[{\"@type\":\"ReadAction\",\"target\":[\"https:\/\/iluvs.cl\/valledehualqui\/proyecto-educativo\/\"]}]},{\"@type\":\"BreadcrumbList\",\"@id\":\"https:\/\/iluvs.cl\/valledehualqui\/proyecto-educativo\/#breadcrumb\",\"itemListElement\":[{\"@type\":\"ListItem\",\"position\":1,\"name\":\"Home\",\"item\":\"https:\/\/iluvs.cl\/valledehualqui\/\"},{\"@type\":\"ListItem\",\"position\":2,\"name\":\"Proyecto Educativo\"}]}]}<\/script>\n<!-- \/ Yoast SEO plugin. -->","yoast_head_json":{"title":"Proyecto Educativo - COLEGIO VALLE DE HUALQUI","robots":{"index":"index","follow":"follow","max-snippet":"max-snippet:-1","max-image-preview":"max-image-preview:large","max-video-preview":"max-video-preview:-1"},"canonical":"https:\/\/iluvs.cl\/valledehualqui\/proyecto-educativo\/","og_locale":"es_ES","og_type":"article","og_title":"Proyecto Educativo - COLEGIO VALLE DE HUALQUI","og_url":"https:\/\/iluvs.cl\/valledehualqui\/proyecto-educativo\/","og_site_name":"COLEGIO VALLE DE HUALQUI","article_modified_time":"2022-05-05T01:52:00+00:00","twitter_card":"summary_large_image","twitter_misc":{"Tiempo de lectura":"12 minutos"},"schema":{"@context":"https:\/\/schema.org","@graph":[{"@type":"WebSite","@id":"https:\/\/iluvs.cl\/valledehualqui\/#website","url":"https:\/\/iluvs.cl\/valledehualqui\/","name":"COLEGIO VALLE DE HUALQUI","description":"Otro sitio realizado con WordPress","potentialAction":[{"@type":"SearchAction","target":{"@type":"EntryPoint","urlTemplate":"https:\/\/iluvs.cl\/valledehualqui\/?s={search_term_string}"},"query-input":"required name=search_term_string"}],"inLanguage":"es"},{"@type":"WebPage","@id":"https:\/\/iluvs.cl\/valledehualqui\/proyecto-educativo\/#webpage","url":"https:\/\/iluvs.cl\/valledehualqui\/proyecto-educativo\/","name":"Proyecto Educativo - COLEGIO VALLE DE HUALQUI","isPartOf":{"@id":"https:\/\/iluvs.cl\/valledehualqui\/#website"},"datePublished":"2022-04-10T01:17:46+00:00","dateModified":"2022-05-05T01:52:00+00:00","breadcrumb":{"@id":"https:\/\/iluvs.cl\/valledehualqui\/proyecto-educativo\/#breadcrumb"},"inLanguage":"es","potentialAction":[{"@type":"ReadAction","target":["https:\/\/iluvs.cl\/valledehualqui\/proyecto-educativo\/"]}]},{"@type":"BreadcrumbList","@id":"https:\/\/iluvs.cl\/valledehualqui\/proyecto-educativo\/#breadcrumb","itemListElement":[{"@type":"ListItem","position":1,"name":"Home","item":"https:\/\/iluvs.cl\/valledehualqui\/"},{"@type":"ListItem","position":2,"name":"Proyecto Educativo"}]}]}},"_links":{"self":[{"href":"https:\/\/iluvs.cl\/valledehualqui\/wp-json\/wp\/v2\/pages\/16142","targetHints":{"allow":["GET"]}}],"collection":[{"href":"https:\/\/iluvs.cl\/valledehualqui\/wp-json\/wp\/v2\/pages"}],"about":[{"href":"https:\/\/iluvs.cl\/valledehualqui\/wp-json\/wp\/v2\/types\/page"}],"author":[{"embeddable":true,"href":"https:\/\/iluvs.cl\/valledehualqui\/wp-json\/wp\/v2\/users\/1"}],"replies":[{"embeddable":true,"href":"https:\/\/iluvs.cl\/valledehualqui\/wp-json\/wp\/v2\/comments?post=16142"}],"version-history":[{"count":34,"href":"https:\/\/iluvs.cl\/valledehualqui\/wp-json\/wp\/v2\/pages\/16142\/revisions"}],"predecessor-version":[{"id":16612,"href":"https:\/\/iluvs.cl\/valledehualqui\/wp-json\/wp\/v2\/pages\/16142\/revisions\/16612"}],"wp:attachment":[{"href":"https:\/\/iluvs.cl\/valledehualqui\/wp-json\/wp\/v2\/media?parent=16142"}],"curies":[{"name":"wp","href":"https:\/\/api.w.org\/{rel}","templated":true}]}}