{"id":16170,"date":"2022-04-10T04:53:55","date_gmt":"2022-04-10T04:53:55","guid":{"rendered":"https:\/\/iluvs.cl\/valledehualqui\/?page_id=16170"},"modified":"2022-04-30T04:37:37","modified_gmt":"2022-04-30T04:37:37","slug":"servicio-al-estudiante","status":"publish","type":"page","link":"https:\/\/iluvs.cl\/valledehualqui\/servicio-al-estudiante\/","title":{"rendered":"Servicio para el Estudiante"},"content":{"rendered":"<div id=\"cmsmasters_row_95ag5uktw\" class=\"cmsmasters_row cmsmasters_color_scheme_default cmsmasters_row_top_default cmsmasters_row_bot_default cmsmasters_row_boxed\">\n<div class=\"cmsmasters_row_outer_parent\">\n<div class=\"cmsmasters_row_outer\">\n<div class=\"cmsmasters_row_inner\">\n<div class=\"cmsmasters_row_margin\">\n<div id=\"cmsmasters_column_zk5omchj7\" class=\"cmsmasters_column one_first\">\n<div class=\"cmsmasters_column_inner\"><div id=\"cmsmasters_heading_4wos9lwqux\" class=\"cmsmasters_heading_wrap cmsmasters_heading_align_center\">\n\t<h1 class=\"cmsmasters_heading\">Servicio para el Estudiante<\/h1>\n<\/div>\n<\/div><\/div>\n<\/div>\n<\/div>\n<\/div>\n<\/div>\n<\/div>\n<div id=\"cmsmasters_row_5gvkg7ygcz\" class=\"cmsmasters_row cmsmasters_color_scheme_default cmsmasters_row_top_default cmsmasters_row_bot_default cmsmasters_row_boxed\">\n<div class=\"cmsmasters_row_outer_parent\">\n<div class=\"cmsmasters_row_outer\">\n<div class=\"cmsmasters_row_inner\">\n<div class=\"cmsmasters_row_margin\">\n<div id=\"cmsmasters_column_fq0w6b1hbr\" class=\"cmsmasters_column one_first\">\n<div class=\"cmsmasters_column_inner\"><div id=\"cmsmasters_heading_pn8q62i7qa\" class=\"cmsmasters_heading_wrap cmsmasters_heading_align_center\">\n\t<h2 class=\"cmsmasters_heading\">Beneficios y Servicios para Nuestros Estudiantes<\/h2>\n<\/div><div class=\"aligncenter\"><div class=\"cmsmasters_img  cmsmasters_image_c\"><img decoding=\"async\" src=\"https:\/\/iluvs.cl\/valledehualqui\/wp-content\/uploads\/2015\/04\/67F3F4728A7E1EE0D41B5F00BF650076E67E200CC98451EF9Epimgpsh_fullsize_distr.png\" alt=\"Picture\" \/><\/div><\/div>\n<\/div><\/div>\n<\/div>\n<\/div>\n<\/div>\n<\/div>\n<\/div>\n<div id=\"cmsmasters_row_5calom4dlt\" class=\"cmsmasters_row cmsmasters_color_scheme_default cmsmasters_row_top_default cmsmasters_row_bot_default cmsmasters_row_boxed\">\n<div class=\"cmsmasters_row_outer_parent\">\n<div class=\"cmsmasters_row_outer\">\n<div class=\"cmsmasters_row_inner\">\n<div class=\"cmsmasters_row_margin\">\n<div id=\"cmsmasters_column_pyjlifgs3i\" class=\"cmsmasters_column one_third\">\n<div class=\"cmsmasters_column_inner\"><div class=\"aligncenter\"><div class=\"cmsmasters_img  cmsmasters_image_c\"><img decoding=\"async\" src=\"https:\/\/iluvs.cl\/valledehualqui\/wp-content\/uploads\/2022\/04\/08-300x300.png\" \/><\/div><\/div><div id=\"cmsmasters_heading_1sbncloesm\" class=\"cmsmasters_heading_wrap cmsmasters_heading_align_left\">\n\t<h3 class=\"cmsmasters_heading\">Programa de integraci\u00f3n Escolar<\/h3>\n<\/div><div class=\"cmsmasters_text\">\n<p style=\"text-align: justify;\">El programa de escolar es una estrategia inclusiva del sistema escolar, que tiene el prop\u00f3sito de contribuir al mejoramiento continuo de la calidad de la educaci\u00f3n que se imparte nuestro establecimiento educacional, favoreciendo el acompa\u00f1amiento en sala de clases de educadoras especialistas en la participaci\u00f3n y el logro de los objetivos de aprendizaje de todos y cada uno de los\/as estudiantes, especialmente de aquellos\/as que presentan Necesidades Educativas Especiales y Permanentes. (NEE-NEEP).<\/p>\n<\/div>\n<\/div><\/div>\n<div id=\"cmsmasters_column_xe313nswb\" class=\"cmsmasters_column one_third\">\n<div class=\"cmsmasters_column_inner\"><div class=\"aligncenter\"><div class=\"cmsmasters_img  cmsmasters_image_c\"><img decoding=\"async\" src=\"https:\/\/iluvs.cl\/valledehualqui\/wp-content\/uploads\/2022\/02\/05-b-300x300.jpg\" \/><\/div><\/div><div id=\"cmsmasters_heading_uclrbagt1e\" class=\"cmsmasters_heading_wrap cmsmasters_heading_align_left\">\n\t<h3 class=\"cmsmasters_heading\">Jornada Escolar Completa<\/h3>\n<\/div><div class=\"cmsmasters_text\">\n<p style=\"text-align: justify;\">La Jornada Escolar Completa Diurna (JECD) es un modelo de servicio educativo que ofrece el colegio \u201cEl valle de Hualqui\u201d el cual busca mejorar la calidad educativa y el tiempo de permanencia de nuestros\/as estudiantes en la instituci\u00f3n ampliando las oportunidades de aprendizaje de los\/as estudiantes ofreci\u00e9ndole a la comunidad distintos talleres tales como: School Music, Apoyo Pedag\u00f3gico, Computaci\u00f3n, Orientaci\u00f3n, Consejo de curso y Psicomotricidad.<\/p>\n<\/div>\n<\/div><\/div>\n<div id=\"cmsmasters_column_5blzkf9fpd\" class=\"cmsmasters_column one_third\">\n<div class=\"cmsmasters_column_inner\"><div class=\"aligncenter\"><div class=\"cmsmasters_img  cmsmasters_image_c\"><img decoding=\"async\" src=\"https:\/\/iluvs.cl\/valledehualqui\/wp-content\/uploads\/2022\/04\/maestra-estudiante-asiatica-construyen-vehiculo-motorizado-leccion-ciencias-consulta-calcular-funcionamiento-robot_43780-2693-1-300x300.jpg\" \/><\/div><\/div><div id=\"cmsmasters_heading_d8nehbe6h\" class=\"cmsmasters_heading_wrap cmsmasters_heading_align_left\">\n\t<h3 class=\"cmsmasters_heading\">Laboratorio de Ciencias<\/h3>\n<\/div><div class=\"cmsmasters_text\">\n<p style=\"text-align: justify;\">Lugar dotado de los medios necesarios para realizar investigaciones, experimentos, pr\u00e1cticas y trabajos de car\u00e1cter cient\u00edfico, tecnol\u00f3gico o t\u00e9cnico; est\u00e1 equipado con instrumentos de medida y de alta gama, para todos los niveles educativos.<\/p>\n<\/div>\n<\/div><\/div>\n<\/div>\n<\/div>\n<\/div>\n<\/div>\n<\/div>\n<div id=\"cmsmasters_row_y5iwlewru\" class=\"cmsmasters_row cmsmasters_color_scheme_default cmsmasters_row_top_default cmsmasters_row_bot_default cmsmasters_row_boxed\">\n<div class=\"cmsmasters_row_outer_parent\">\n<div class=\"cmsmasters_row_outer\">\n<div class=\"cmsmasters_row_inner\">\n<div class=\"cmsmasters_row_margin\">\n<div id=\"cmsmasters_column_1fatbunlmr\" class=\"cmsmasters_column one_third\">\n<div class=\"cmsmasters_column_inner\"><div class=\"aligncenter\"><div class=\"cmsmasters_img  cmsmasters_image_c\"><img decoding=\"async\" src=\"https:\/\/iluvs.cl\/valledehualqui\/wp-content\/uploads\/2022\/04\/IMG-13-300x300.jpg\" \/><\/div><\/div><div id=\"cmsmasters_heading_6jd5dfakx8\" class=\"cmsmasters_heading_wrap cmsmasters_heading_align_left\">\n\t<h3 class=\"cmsmasters_heading\">Laboratorio de Computaci\u00f3n (Enlaces)<\/h3>\n<\/div><div class=\"cmsmasters_text\">\n<p style=\"text-align: justify;\">Estamos suscritos al Centro de Educaci\u00f3n y Tecnolog\u00eda del Ministerio de Educaci\u00f3n cuyo objetivo es entregar infraestructura tecnol\u00f3gica, contenidos digitales educativos y capacitaci\u00f3n docente, siendo esta una herramienta de gran utilidad para los estudiantes ya que la tecnolog\u00eda es la que moviliza a lograr mayores aprendizajes, a trav\u00e9s del aprender haciendo.<\/p>\n<\/div>\n<\/div><\/div>\n<div id=\"cmsmasters_column_isehed9brk\" class=\"cmsmasters_column one_third\">\n<div class=\"cmsmasters_column_inner\"><div class=\"aligncenter\"><div class=\"cmsmasters_img  cmsmasters_image_c\"><img decoding=\"async\" src=\"https:\/\/iluvs.cl\/valledehualqui\/wp-content\/uploads\/2022\/04\/IMG-20-300x300.jpg\" \/><\/div><\/div><div id=\"cmsmasters_heading_2zkghhfr7\" class=\"cmsmasters_heading_wrap cmsmasters_heading_align_left\">\n\t<h3 class=\"cmsmasters_heading\">Talleres Pedag\u00f3gicos de Nivelaci\u00f3n<\/h3>\n<\/div><div class=\"cmsmasters_text\">\n<p style=\"text-align: justify;\">Lograr empoderar a los\/as estudiantes m\u00e1s descendido de las herramientas para que puedan nivelar sus conocimientos, en comparaci\u00f3n con el restos seg\u00fan el nivel cursado a trav\u00e9s de la implementaci\u00f3n de distintos talleres de nivelaci\u00f3n en asignaturas claves para el desarrollo de nuevas habilidades, actitudes y competencias.<\/p>\n<\/div>\n<\/div><\/div>\n<div id=\"cmsmasters_column_gmh6e9loq\" class=\"cmsmasters_column one_third\">\n<div class=\"cmsmasters_column_inner\"><div class=\"aligncenter\"><div class=\"cmsmasters_img  cmsmasters_image_c\"><img decoding=\"async\" src=\"https:\/\/iluvs.cl\/valledehualqui\/wp-content\/uploads\/2022\/04\/IMG-118-300x300.jpg\" \/><\/div><\/div><div id=\"cmsmasters_heading_0bx5oqbrmo\" class=\"cmsmasters_heading_wrap cmsmasters_heading_align_left\">\n\t<h3 class=\"cmsmasters_heading\">Talleres culturales y deportivos<\/h3>\n<\/div><div class=\"cmsmasters_text\">\n<p style=\"text-align: justify;\">El \u00e1rea de Extensi\u00f3n, Deportes y Cultura corresponde del colegio el valle de hualqui, est\u00e1 conformado por profesionales que desarrollan actividades co-program\u00e1ticas en el Colegio, de forma paralela y complementaria a lo acad\u00e9mico. Si bien estos talleres no forman parte de curriculum, son trascendentales de integrar, ya que est\u00e1n basados en los principios postulados en el PEI y contribuyen en la formaci\u00f3n de valores y actitudes del perfil del estudiante.<\/p>\n<\/div>\n<\/div><\/div>\n<\/div>\n<\/div>\n<\/div>\n<\/div>\n<\/div>\n<div id=\"cmsmasters_row_701b94j4d\" class=\"cmsmasters_row cmsmasters_color_scheme_default cmsmasters_row_top_default cmsmasters_row_bot_default cmsmasters_row_boxed\">\n<div class=\"cmsmasters_row_outer_parent\">\n<div class=\"cmsmasters_row_outer\">\n<div class=\"cmsmasters_row_inner\">\n<div class=\"cmsmasters_row_margin\">\n<div id=\"cmsmasters_column_ux71qa5zeb\" class=\"cmsmasters_column one_third\">\n<div class=\"cmsmasters_column_inner\"><div class=\"aligncenter\"><div class=\"cmsmasters_img  cmsmasters_image_c\"><img decoding=\"async\" src=\"https:\/\/iluvs.cl\/valledehualqui\/wp-content\/uploads\/2022\/04\/07-300x300.png\" \/><\/div><\/div><div id=\"cmsmasters_heading_0z6dqe44el\" class=\"cmsmasters_heading_wrap cmsmasters_heading_align_left\">\n\t<h3 class=\"cmsmasters_heading\">Biblioteca Escolar CRA<\/h3>\n<\/div><div class=\"cmsmasters_text\">\n<p style=\"text-align: justify;\">La Biblioteca Escolar CRA tiene como fin principal apoyar el proceso de ense\u00f1anza y aprendizaje, con programas espec\u00edficos de fomento a la lectura, apoyo curricular y educaci\u00f3n de usuarios.<\/p>\n<\/div>\n<\/div><\/div>\n<div id=\"cmsmasters_column_ogih5hbxsy\" class=\"cmsmasters_column one_third\">\n<div class=\"cmsmasters_column_inner\"><div class=\"aligncenter\"><div class=\"cmsmasters_img  cmsmasters_image_c\"><img decoding=\"async\" src=\"https:\/\/iluvs.cl\/valledehualqui\/wp-content\/uploads\/2022\/04\/12-300x300.png\" \/><\/div><\/div><div id=\"cmsmasters_heading_goyduvtgow\" class=\"cmsmasters_heading_wrap cmsmasters_heading_align_left\">\n\t<h3 class=\"cmsmasters_heading\">Plan Lector<\/h3>\n<\/div><div class=\"cmsmasters_text\">\n<p style=\"text-align: justify;\">El plan lector contribuye a fomentar el gusto por la lectura y desarrollar la habilidad lectora de los\/as estudiantes. Constituye una oportunidad interesante para que los educandos lean en forma independiente textos adecuados a su nivel, tanto en su tem\u00e1tica, extensi\u00f3n y grado de dificultad. Ampliando su nivel cultural, comprensi\u00f3n y encant\u00e1ndolos con la lectura.<\/p>\n<\/div>\n<\/div><\/div>\n<div id=\"cmsmasters_column_6i6vs4sslk\" class=\"cmsmasters_column one_third\">\n<div class=\"cmsmasters_column_inner\"><div class=\"aligncenter\"><div class=\"cmsmasters_img  cmsmasters_image_c\"><img decoding=\"async\" src=\"https:\/\/iluvs.cl\/valledehualqui\/wp-content\/uploads\/2022\/04\/10-300x300.png\" \/><\/div><\/div><div id=\"cmsmasters_heading_gs5njfm8z\" class=\"cmsmasters_heading_wrap cmsmasters_heading_align_left\">\n\t<h3 class=\"cmsmasters_heading\">Sala Multitaller<\/h3>\n<\/div><div class=\"cmsmasters_text\">\n<p style=\"text-align: justify;\">Las salidas pedag\u00f3gicas constituyen experiencias acad\u00e9micas pr\u00e1cticas, componentes fundamentales y complementarias del curr\u00edculo escolar, importantes para el entendimiento y apropiaci\u00f3n de los contenidos tratados en las distintas asignaturas. Estas actividades buscan favorecer el desarrollo integral de los estudiantes.<\/p>\n<\/div>\n<\/div><\/div>\n<\/div>\n<\/div>\n<\/div>\n<\/div>\n<\/div>\n<div id=\"cmsmasters_row_mxo16411wn\" class=\"cmsmasters_row cmsmasters_color_scheme_default cmsmasters_row_top_default cmsmasters_row_bot_default cmsmasters_row_boxed\">\n<div class=\"cmsmasters_row_outer_parent\">\n<div class=\"cmsmasters_row_outer\">\n<div class=\"cmsmasters_row_inner\">\n<div class=\"cmsmasters_row_margin\">\n<div id=\"cmsmasters_column_hqnneb2048\" class=\"cmsmasters_column one_third\">\n<div class=\"cmsmasters_column_inner\"><div class=\"aligncenter\"><div class=\"cmsmasters_img  cmsmasters_image_c\"><img decoding=\"async\" src=\"https:\/\/iluvs.cl\/valledehualqui\/wp-content\/uploads\/2022\/04\/13-300x300.png\" \/><\/div><\/div><div id=\"cmsmasters_heading_yupiuywsx\" class=\"cmsmasters_heading_wrap cmsmasters_heading_align_left\">\n\t<h3 class=\"cmsmasters_heading\">Salidas pedag\u00f3gicas<\/h3>\n<\/div><div class=\"cmsmasters_text\">\n<p style=\"text-align: justify;\">Las salidas pedag\u00f3gicas constituyen experiencias acad\u00e9micas pr\u00e1cticas, componentes fundamentales y complementarias del curr\u00edculo escolar, importantes para el entendimiento y apropiaci\u00f3n de los contenidos tratados en las distintas asignaturas. Estas actividades buscan favorecer el desarrollo integral de los estudiantes.<\/p>\n<\/div>\n<\/div><\/div>\n<div id=\"cmsmasters_column_isswddb9h\" class=\"cmsmasters_column one_third\">\n<div class=\"cmsmasters_column_inner\"><div class=\"aligncenter\"><div class=\"cmsmasters_img  cmsmasters_image_c\"><img decoding=\"async\" src=\"https:\/\/iluvs.cl\/valledehualqui\/wp-content\/uploads\/2022\/04\/IMG-37-300x300.jpg\" \/><\/div><\/div><div id=\"cmsmasters_heading_y6t50ouqd\" class=\"cmsmasters_heading_wrap cmsmasters_heading_align_left\">\n\t<h3 class=\"cmsmasters_heading\">Pausas de Bienestar<\/h3>\n<\/div><div class=\"cmsmasters_text\">\n<p style=\"text-align: justify;\">Las pausas activas son ejercicios f\u00edsicos y mentales que realiza un estudiante, guiado por un docente, en el desarrollo de las clases en las distintas asignaturas durante la jornada escolar, con el fin de revitalizar la energ\u00eda corporal y refrescar la mente, para mejorar la disposici\u00f3n frente a los nuevos aprendizajes.<\/p>\n<\/div>\n<\/div><\/div>\n<div id=\"cmsmasters_column_6mnyfht01t\" class=\"cmsmasters_column one_third\">\n<div class=\"cmsmasters_column_inner\"><div class=\"aligncenter\"><div class=\"cmsmasters_img  cmsmasters_image_c\"><img decoding=\"async\" src=\"https:\/\/iluvs.cl\/valledehualqui\/wp-content\/uploads\/2022\/04\/IMG-53-300x300.jpg\" \/><\/div><\/div><div id=\"cmsmasters_heading_zzy14t0ob\" class=\"cmsmasters_heading_wrap cmsmasters_heading_align_left\">\n\t<h3 class=\"cmsmasters_heading\">Servicio Psicosocial<\/h3>\n<\/div><div class=\"cmsmasters_text\">\n<p style=\"text-align: justify;\">Se cuenta con equipo Psicosocial conformado por Psic\u00f3logos de integraci\u00f3n y convivencia, orientador y trabajadora social escolar para atenci\u00f3n de los estudiantes y apoderados, con el fin de brindar una educaci\u00f3n integral.<\/p>\n<\/div>\n<\/div><\/div>\n<\/div>\n<\/div>\n<\/div>\n<\/div>\n<\/div>\n<div id=\"cmsmasters_row_qw0jn686j\" class=\"cmsmasters_row cmsmasters_color_scheme_default cmsmasters_row_top_default cmsmasters_row_bot_default cmsmasters_row_boxed\">\n<div class=\"cmsmasters_row_outer_parent\">\n<div class=\"cmsmasters_row_outer\">\n<div class=\"cmsmasters_row_inner\">\n<div class=\"cmsmasters_row_margin\">\n<div id=\"cmsmasters_column_878zqbey5o\" class=\"cmsmasters_column one_third\">\n<div class=\"cmsmasters_column_inner\"><div class=\"aligncenter\"><div class=\"cmsmasters_img  cmsmasters_image_c\"><img decoding=\"async\" src=\"https:\/\/iluvs.cl\/valledehualqui\/wp-content\/uploads\/2022\/04\/IMG-12-300x300.jpg\" \/><\/div><\/div><div id=\"cmsmasters_heading_yn9vwht4av\" class=\"cmsmasters_heading_wrap cmsmasters_heading_align_left\">\n\t<h3 class=\"cmsmasters_heading\">Evaluaci\u00f3n Externa de los Aprendizajes<\/h3>\n<\/div><div class=\"cmsmasters_text\">\n<p style=\"text-align: justify;\">Fundada en el a\u00f1o 2006, Midas-Educa es una empresa de asesor\u00eda educacional que propende al mejoramiento de la educaci\u00f3n chilena, incentivando el uso transversal de las TIC en el proceso educativo y utiliz\u00e1ndolas como elemento fundamental y diferenciador para el est\u00edmulo de todos los actores, nuestros resultados son evaluados por esta empresa externa con el fin de tener una mirada objetiva del trabajo que se est\u00e1 realizando curricularmente.<\/p>\n<\/div>\n<\/div><\/div>\n<div id=\"cmsmasters_column_qbfhb1g1hk\" class=\"cmsmasters_column one_third\">\n<div class=\"cmsmasters_column_inner\"><div class=\"aligncenter\"><div class=\"cmsmasters_img  cmsmasters_image_c\"><img decoding=\"async\" src=\"https:\/\/iluvs.cl\/valledehualqui\/wp-content\/uploads\/2022\/04\/alimentacion-junaeb-678x330-1-300x300.jpg\" \/><\/div><\/div><div id=\"cmsmasters_heading_34t0l2n64u\" class=\"cmsmasters_heading_wrap cmsmasters_heading_align_left\">\n\t<h3 class=\"cmsmasters_heading\">Servicios de Alimentaci\u00f3n Junaeb<\/h3>\n<\/div><div class=\"cmsmasters_text\">\n<p style=\"text-align: justify;\">La Junta Nacional de Auxilio Escolar y Becas (JUNAEB) brinda becas de alimentaci\u00f3n para aquellos estudiantes en condici\u00f3n de vulnerabilidad econ\u00f3mica que vela por &#8220;hacer efectiva la igualdad de oportunidades ante la educaci\u00f3n.<\/p>\n<\/div>\n<\/div><\/div>\n<div id=\"cmsmasters_column_gyrfsf22h8\" class=\"cmsmasters_column one_third\">\n<div class=\"cmsmasters_column_inner\"><div class=\"aligncenter\"><div class=\"cmsmasters_img  cmsmasters_image_c\"><img decoding=\"async\" src=\"https:\/\/iluvs.cl\/valledehualqui\/wp-content\/uploads\/2022\/04\/TNE-300x300.jpg\" \/><\/div><\/div><div id=\"cmsmasters_heading_2rjzu7v7dm\" class=\"cmsmasters_heading_wrap cmsmasters_heading_align_left\">\n\t<h3 class=\"cmsmasters_heading\">Pase escolar<\/h3>\n<\/div><div class=\"cmsmasters_text\">\n<p style=\"text-align: justify;\">Tarjeta Nacional Estudiantil (TNE) o Pase escolar es un documento en formato de tarjeta, utilizado por estudiantes en Chile. La principal utilidad del pase escolar es el acceso a los descuentos tarifarios en los sistemas de transporte p\u00fablico.<\/p>\n<\/div>\n<\/div><\/div>\n<\/div>\n<\/div>\n<\/div>\n<\/div>\n<\/div>\n\n","protected":false},"excerpt":{"rendered":"","protected":false},"author":1,"featured_media":0,"parent":0,"menu_order":0,"comment_status":"closed","ping_status":"closed","template":"","meta":{"footnotes":""},"class_list":["post-16170","page","type-page","status-publish","hentry"],"yoast_head":"<!-- This site is optimized with the Yoast SEO plugin v18.5.1 - https:\/\/yoast.com\/wordpress\/plugins\/seo\/ -->\n<title>Servicio para el Estudiante - COLEGIO VALLE DE HUALQUI<\/title>\n<meta name=\"robots\" content=\"index, follow, max-snippet:-1, max-image-preview:large, max-video-preview:-1\" \/>\n<link rel=\"canonical\" href=\"https:\/\/iluvs.cl\/valledehualqui\/servicio-al-estudiante\/\" \/>\n<meta property=\"og:locale\" content=\"es_ES\" \/>\n<meta property=\"og:type\" content=\"article\" \/>\n<meta property=\"og:title\" content=\"Servicio para el Estudiante - COLEGIO VALLE DE HUALQUI\" \/>\n<meta property=\"og:url\" content=\"https:\/\/iluvs.cl\/valledehualqui\/servicio-al-estudiante\/\" \/>\n<meta property=\"og:site_name\" content=\"COLEGIO VALLE DE HUALQUI\" \/>\n<meta property=\"article:modified_time\" content=\"2022-04-30T04:37:37+00:00\" \/>\n<meta name=\"twitter:card\" content=\"summary_large_image\" \/>\n<meta name=\"twitter:label1\" content=\"Tiempo de lectura\" \/>\n\t<meta name=\"twitter:data1\" content=\"14 minutos\" \/>\n<script type=\"application\/ld+json\" class=\"yoast-schema-graph\">{\"@context\":\"https:\/\/schema.org\",\"@graph\":[{\"@type\":\"WebSite\",\"@id\":\"https:\/\/iluvs.cl\/valledehualqui\/#website\",\"url\":\"https:\/\/iluvs.cl\/valledehualqui\/\",\"name\":\"COLEGIO VALLE DE HUALQUI\",\"description\":\"Otro sitio realizado con WordPress\",\"potentialAction\":[{\"@type\":\"SearchAction\",\"target\":{\"@type\":\"EntryPoint\",\"urlTemplate\":\"https:\/\/iluvs.cl\/valledehualqui\/?s={search_term_string}\"},\"query-input\":\"required name=search_term_string\"}],\"inLanguage\":\"es\"},{\"@type\":\"WebPage\",\"@id\":\"https:\/\/iluvs.cl\/valledehualqui\/servicio-al-estudiante\/#webpage\",\"url\":\"https:\/\/iluvs.cl\/valledehualqui\/servicio-al-estudiante\/\",\"name\":\"Servicio para el Estudiante - COLEGIO VALLE DE HUALQUI\",\"isPartOf\":{\"@id\":\"https:\/\/iluvs.cl\/valledehualqui\/#website\"},\"datePublished\":\"2022-04-10T04:53:55+00:00\",\"dateModified\":\"2022-04-30T04:37:37+00:00\",\"breadcrumb\":{\"@id\":\"https:\/\/iluvs.cl\/valledehualqui\/servicio-al-estudiante\/#breadcrumb\"},\"inLanguage\":\"es\",\"potentialAction\":[{\"@type\":\"ReadAction\",\"target\":[\"https:\/\/iluvs.cl\/valledehualqui\/servicio-al-estudiante\/\"]}]},{\"@type\":\"BreadcrumbList\",\"@id\":\"https:\/\/iluvs.cl\/valledehualqui\/servicio-al-estudiante\/#breadcrumb\",\"itemListElement\":[{\"@type\":\"ListItem\",\"position\":1,\"name\":\"Home\",\"item\":\"https:\/\/iluvs.cl\/valledehualqui\/\"},{\"@type\":\"ListItem\",\"position\":2,\"name\":\"Servicio para el Estudiante\"}]}]}<\/script>\n<!-- \/ Yoast SEO plugin. -->","yoast_head_json":{"title":"Servicio para el Estudiante - COLEGIO VALLE DE HUALQUI","robots":{"index":"index","follow":"follow","max-snippet":"max-snippet:-1","max-image-preview":"max-image-preview:large","max-video-preview":"max-video-preview:-1"},"canonical":"https:\/\/iluvs.cl\/valledehualqui\/servicio-al-estudiante\/","og_locale":"es_ES","og_type":"article","og_title":"Servicio para el Estudiante - COLEGIO VALLE DE HUALQUI","og_url":"https:\/\/iluvs.cl\/valledehualqui\/servicio-al-estudiante\/","og_site_name":"COLEGIO VALLE DE HUALQUI","article_modified_time":"2022-04-30T04:37:37+00:00","twitter_card":"summary_large_image","twitter_misc":{"Tiempo de lectura":"14 minutos"},"schema":{"@context":"https:\/\/schema.org","@graph":[{"@type":"WebSite","@id":"https:\/\/iluvs.cl\/valledehualqui\/#website","url":"https:\/\/iluvs.cl\/valledehualqui\/","name":"COLEGIO VALLE DE HUALQUI","description":"Otro sitio realizado con WordPress","potentialAction":[{"@type":"SearchAction","target":{"@type":"EntryPoint","urlTemplate":"https:\/\/iluvs.cl\/valledehualqui\/?s={search_term_string}"},"query-input":"required name=search_term_string"}],"inLanguage":"es"},{"@type":"WebPage","@id":"https:\/\/iluvs.cl\/valledehualqui\/servicio-al-estudiante\/#webpage","url":"https:\/\/iluvs.cl\/valledehualqui\/servicio-al-estudiante\/","name":"Servicio para el Estudiante - COLEGIO VALLE DE HUALQUI","isPartOf":{"@id":"https:\/\/iluvs.cl\/valledehualqui\/#website"},"datePublished":"2022-04-10T04:53:55+00:00","dateModified":"2022-04-30T04:37:37+00:00","breadcrumb":{"@id":"https:\/\/iluvs.cl\/valledehualqui\/servicio-al-estudiante\/#breadcrumb"},"inLanguage":"es","potentialAction":[{"@type":"ReadAction","target":["https:\/\/iluvs.cl\/valledehualqui\/servicio-al-estudiante\/"]}]},{"@type":"BreadcrumbList","@id":"https:\/\/iluvs.cl\/valledehualqui\/servicio-al-estudiante\/#breadcrumb","itemListElement":[{"@type":"ListItem","position":1,"name":"Home","item":"https:\/\/iluvs.cl\/valledehualqui\/"},{"@type":"ListItem","position":2,"name":"Servicio para el Estudiante"}]}]}},"_links":{"self":[{"href":"https:\/\/iluvs.cl\/valledehualqui\/wp-json\/wp\/v2\/pages\/16170","targetHints":{"allow":["GET"]}}],"collection":[{"href":"https:\/\/iluvs.cl\/valledehualqui\/wp-json\/wp\/v2\/pages"}],"about":[{"href":"https:\/\/iluvs.cl\/valledehualqui\/wp-json\/wp\/v2\/types\/page"}],"author":[{"embeddable":true,"href":"https:\/\/iluvs.cl\/valledehualqui\/wp-json\/wp\/v2\/users\/1"}],"replies":[{"embeddable":true,"href":"https:\/\/iluvs.cl\/valledehualqui\/wp-json\/wp\/v2\/comments?post=16170"}],"version-history":[{"count":10,"href":"https:\/\/iluvs.cl\/valledehualqui\/wp-json\/wp\/v2\/pages\/16170\/revisions"}],"predecessor-version":[{"id":16591,"href":"https:\/\/iluvs.cl\/valledehualqui\/wp-json\/wp\/v2\/pages\/16170\/revisions\/16591"}],"wp:attachment":[{"href":"https:\/\/iluvs.cl\/valledehualqui\/wp-json\/wp\/v2\/media?parent=16170"}],"curies":[{"name":"wp","href":"https:\/\/api.w.org\/{rel}","templated":true}]}}