{"id":16216,"date":"2022-04-10T05:59:51","date_gmt":"2022-04-10T05:59:51","guid":{"rendered":"https:\/\/iluvs.cl\/valledehualqui\/?page_id=16216"},"modified":"2022-04-10T06:17:20","modified_gmt":"2022-04-10T06:17:20","slug":"formacion-integral","status":"publish","type":"page","link":"https:\/\/iluvs.cl\/valledehualqui\/formacion-integral\/","title":{"rendered":"Formaci\u00f3n Integral"},"content":{"rendered":"<div id=\"cmsmasters_row_95ag5uktw\" class=\"cmsmasters_row cmsmasters_color_scheme_default cmsmasters_row_top_default cmsmasters_row_bot_default cmsmasters_row_boxed\">\n<div class=\"cmsmasters_row_outer_parent\">\n<div class=\"cmsmasters_row_outer\">\n<div class=\"cmsmasters_row_inner\">\n<div class=\"cmsmasters_row_margin\">\n<div id=\"cmsmasters_column_zk5omchj7\" class=\"cmsmasters_column one_first\">\n<div class=\"cmsmasters_column_inner\"><div id=\"cmsmasters_heading_4wos9lwqux\" class=\"cmsmasters_heading_wrap cmsmasters_heading_align_center\">\n\t<h1 class=\"cmsmasters_heading\">Formaci\u00f3n Integral<\/h1>\n<\/div>\n<\/div><\/div>\n<\/div>\n<\/div>\n<\/div>\n<\/div>\n<\/div>\n<div id=\"cmsmasters_row_5calom4dlt\" class=\"cmsmasters_row cmsmasters_color_scheme_default cmsmasters_row_top_default cmsmasters_row_bot_default cmsmasters_row_boxed\">\n<div class=\"cmsmasters_row_outer_parent\">\n<div class=\"cmsmasters_row_outer\">\n<div class=\"cmsmasters_row_inner\">\n<div class=\"cmsmasters_row_margin\">\n<div id=\"cmsmasters_column_pyjlifgs3i\" class=\"cmsmasters_column one_third\">\n<div class=\"cmsmasters_column_inner\"><div class=\"aligncenter\"><div class=\"cmsmasters_img  cmsmasters_image_c\"><img decoding=\"async\" src=\"https:\/\/iluvs.cl\/valledehualqui\/wp-content\/uploads\/2022\/04\/tall_010720201735190835764001593624919-300x300.jpg\" \/><\/div><\/div><div id=\"cmsmasters_heading_1sbncloesm\" class=\"cmsmasters_heading_wrap cmsmasters_heading_align_left\">\n\t<h3 class=\"cmsmasters_heading\">Talleres de Psicomotricidad Educaci\u00f3n Parvularia<\/h3>\n<\/div><div class=\"cmsmasters_text\">\n<p style=\"text-align: justify;\">Talleres enfocados en la adquisici\u00f3n y desarrollo de habilidades motoras b\u00e1sicas de locomoci\u00f3n- manipulaci\u00f3n. Desde el nivel medio a segundo nivel de transici\u00f3n, dirigido por la profesora Elizabeth Carrasco Pino.<\/p>\n<\/div>\n<\/div><\/div>\n<div id=\"cmsmasters_column_xe313nswb\" class=\"cmsmasters_column one_third\">\n<div class=\"cmsmasters_column_inner\"><div class=\"aligncenter\"><div class=\"cmsmasters_img  cmsmasters_image_c\"><img decoding=\"async\" src=\"https:\/\/iluvs.cl\/valledehualqui\/wp-content\/uploads\/2022\/04\/tall_300620201543420283281001593531822-300x300.jpg\" \/><\/div><\/div><div id=\"cmsmasters_heading_uclrbagt1e\" class=\"cmsmasters_heading_wrap cmsmasters_heading_align_left\">\n\t<h3 class=\"cmsmasters_heading\">Taller de hidroterapia<\/h3>\n<\/div><div class=\"cmsmasters_text\">\n<p style=\"text-align: justify;\">Taller realizado en la piscinas temperadas de Ainahue, dirigido para los estudiantes desde 3\u00ba a 8\u00aa, desde los meses de abril a noviembre seg\u00fan orden de coordinaci\u00f3n extraescolar.<\/p>\n<\/div>\n<\/div><\/div>\n<div id=\"cmsmasters_column_5blzkf9fpd\" class=\"cmsmasters_column one_third\">\n<div class=\"cmsmasters_column_inner\"><div class=\"aligncenter\"><div class=\"cmsmasters_img  cmsmasters_image_c\"><img decoding=\"async\" src=\"https:\/\/iluvs.cl\/valledehualqui\/wp-content\/uploads\/2022\/04\/tall_010720201747460832102001593625666-300x300.jpg\" \/><\/div><\/div><div id=\"cmsmasters_heading_d8nehbe6h\" class=\"cmsmasters_heading_wrap cmsmasters_heading_align_left\">\n\t<h3 class=\"cmsmasters_heading\">Taller de atletismo<\/h3>\n<\/div><div class=\"cmsmasters_text\">\n<p style=\"text-align: justify;\">Este taller est\u00e1 enfocado en el conocimiento del deporte, con un enfoque formativo en nuestros estudiantes. Desarrollando un conjunto de distintas t\u00e9cnicas para que los estudiantes puedan desenvolverse en pruebas de resistencia, velocidad, saltos, y lanzamientos. Objetivos: conocer y practicar las distintas disciplinas del atletismo, mediante ejercicios metodol\u00f3gicos. Participar en diferentes eventos deportivos, representando al colegio.6\u00b0 a 8\u00b0<\/p>\n<\/div>\n<\/div><\/div>\n<\/div>\n<\/div>\n<\/div>\n<\/div>\n<\/div>\n<div id=\"cmsmasters_row_y5iwlewru\" class=\"cmsmasters_row cmsmasters_color_scheme_default cmsmasters_row_top_default cmsmasters_row_bot_default cmsmasters_row_boxed\">\n<div class=\"cmsmasters_row_outer_parent\">\n<div class=\"cmsmasters_row_outer\">\n<div class=\"cmsmasters_row_inner\">\n<div class=\"cmsmasters_row_margin\">\n<div id=\"cmsmasters_column_1fatbunlmr\" class=\"cmsmasters_column one_third\">\n<div class=\"cmsmasters_column_inner\"><div class=\"aligncenter\"><div class=\"cmsmasters_img  cmsmasters_image_c\"><img decoding=\"async\" src=\"https:\/\/iluvs.cl\/valledehualqui\/wp-content\/uploads\/2022\/04\/tall_050420191912380727371001554491558-300x300.jpg\" \/><\/div><\/div><div id=\"cmsmasters_heading_6jd5dfakx8\" class=\"cmsmasters_heading_wrap cmsmasters_heading_align_left\">\n\t<h3 class=\"cmsmasters_heading\">Taller de tenis de mesa<\/h3>\n<\/div><div class=\"cmsmasters_text\">\n<p style=\"text-align: justify;\">Taller est\u00e1 enfocado en el conocimiento del deporte, trabajo individual y en parejas. Desarrollando las destrezas b\u00e1sicas para poder competir en actividades que se organizan a nivel comunal durante el a\u00f1o. El objetivos desarrollar los reflejos, la coordinaci\u00f3n \u00f3culo manual y la velocidad. Fortalecer los aspectos t\u00e9cnicos de la disciplina.cursos 5\u00b0- 6\u00b0<\/p>\n<\/div>\n<\/div><\/div>\n<div id=\"cmsmasters_column_isehed9brk\" class=\"cmsmasters_column one_third\">\n<div class=\"cmsmasters_column_inner\"><div class=\"aligncenter\"><div class=\"cmsmasters_img  cmsmasters_image_c\"><img decoding=\"async\" src=\"https:\/\/iluvs.cl\/valledehualqui\/wp-content\/uploads\/2022\/04\/000000037_c9189b3b73_Tucapel-300x300.jpg\" \/><\/div><\/div><div id=\"cmsmasters_heading_2zkghhfr7\" class=\"cmsmasters_heading_wrap cmsmasters_heading_align_left\">\n\t<h3 class=\"cmsmasters_heading\">Taller de gimnasia art\u00edstica<\/h3>\n<\/div><div class=\"cmsmasters_text\">\n<p style=\"text-align: justify;\">Taller est\u00e1 enfocado en el conocimiento del cuerpo, trabajo individual y en equipo, ubicaci\u00f3n espacial y en desarrollar destrezas f\u00edsicas claves para la pr\u00e1ctica de la gimnasia. Tiene como objetivos crear una rutina con las acrobacias, destrezas y habilidades. Para esto, clase a clase se fomenta el uso de la percepci\u00f3n corporal, ejercicios de fuerza y equilibrio, junto con la agilidad y tambi\u00e9n desarrollando la flexibilidad de las estudiantes.Cursos 1\u00b0 a 4<\/p>\n<\/div>\n<\/div><\/div>\n<div id=\"cmsmasters_column_gmh6e9loq\" class=\"cmsmasters_column one_third\">\n<div class=\"cmsmasters_column_inner\"><div class=\"aligncenter\"><div class=\"cmsmasters_img  cmsmasters_image_c\"><img decoding=\"async\" src=\"https:\/\/iluvs.cl\/valledehualqui\/wp-content\/uploads\/2022\/04\/tall_020420191747060874218001554227226-1-300x300.png\" \/><\/div><\/div><div id=\"cmsmasters_heading_0bx5oqbrmo\" class=\"cmsmasters_heading_wrap cmsmasters_heading_align_left\">\n\t<h3 class=\"cmsmasters_heading\">Taller de defensa personal<\/h3>\n<\/div><div class=\"cmsmasters_text\">\n<p style=\"text-align: justify;\">Taller est\u00e1 enfocado en obtener un mejor comportamiento f\u00edsico y disciplinario, agrup\u00e1ndolos de acuerdo a edades para mejorar en aspectos t\u00e9cnicos. Objetivos: lograr disciplina en los estudiantes, autocontrol de su cuerpo y trabajar habilidades t\u00e9cnico- t\u00e1cticas tanto defensivas como ofensivas. Cursos: 1\u00b0 a 8\u00b0<\/p>\n<\/div>\n<\/div><\/div>\n<\/div>\n<\/div>\n<\/div>\n<\/div>\n<\/div>\n<div id=\"cmsmasters_row_701b94j4d\" class=\"cmsmasters_row cmsmasters_color_scheme_default cmsmasters_row_top_default cmsmasters_row_bot_default cmsmasters_row_boxed\">\n<div class=\"cmsmasters_row_outer_parent\">\n<div class=\"cmsmasters_row_outer\">\n<div class=\"cmsmasters_row_inner\">\n<div class=\"cmsmasters_row_margin\">\n<div id=\"cmsmasters_column_ux71qa5zeb\" class=\"cmsmasters_column one_third\">\n<div class=\"cmsmasters_column_inner\"><div class=\"aligncenter\"><div class=\"cmsmasters_img  cmsmasters_image_c\"><img decoding=\"async\" src=\"https:\/\/iluvs.cl\/valledehualqui\/wp-content\/uploads\/2022\/04\/tall_250620201921020969862001593112862-300x300.jpg\" \/><\/div><\/div><div id=\"cmsmasters_heading_0z6dqe44el\" class=\"cmsmasters_heading_wrap cmsmasters_heading_align_left\">\n\t<h3 class=\"cmsmasters_heading\">Quiero aprender a leer<\/h3>\n<\/div><div class=\"cmsmasters_text\">\n<p style=\"text-align: justify;\">El taller est\u00e1 orientado a potenciar las habilidades de lectura de los estudiantes, leer para ampliar el conocimiento del mundo, reflexionar sobre diferentes temas, para alcanzar una mayor comprensi\u00f3n de s\u00ed mismo, aprender a ponerse en el lugar de los dem\u00e1s, todo esto mediante el uso y manipulaci\u00f3n de material concreto y l\u00fadico, para lograr el proceso de lectoescritura de los estudiantes.<\/p>\n<\/div>\n<\/div><\/div>\n<div id=\"cmsmasters_column_ogih5hbxsy\" class=\"cmsmasters_column one_third\">\n<div class=\"cmsmasters_column_inner\"><div class=\"aligncenter\"><div class=\"cmsmasters_img  cmsmasters_image_c\"><img decoding=\"async\" src=\"https:\/\/iluvs.cl\/valledehualqui\/wp-content\/uploads\/2022\/04\/tall_010720201757300507110001593626250-300x300.jpg\" \/><\/div><\/div><div id=\"cmsmasters_heading_goyduvtgow\" class=\"cmsmasters_heading_wrap cmsmasters_heading_align_left\">\n\t<h3 class=\"cmsmasters_heading\">Matem\u00e1tica recreativa<\/h3>\n<\/div><div class=\"cmsmasters_text\">\n<p style=\"text-align: justify;\">El taller est\u00e1 orientado para reforzar contenidos vistos en la asignatura de matem\u00e1tica, tiene como objetivo potenciar las habilidades de los estudiantes mediante uso y manipulaci\u00f3n de material concreto y l\u00fadico para as\u00ed aumentar as\u00ed sus calificaciones.<\/p>\n<\/div>\n<\/div><\/div>\n<div id=\"cmsmasters_column_6i6vs4sslk\" class=\"cmsmasters_column one_third\">\n<div class=\"cmsmasters_column_inner\"><div class=\"aligncenter\"><div class=\"cmsmasters_img  cmsmasters_image_c\"><img decoding=\"async\" src=\"https:\/\/iluvs.cl\/valledehualqui\/wp-content\/uploads\/2022\/04\/tall_020420191616380848768001554221798-300x300.png\" \/><\/div><\/div><div id=\"cmsmasters_heading_gs5njfm8z\" class=\"cmsmasters_heading_wrap cmsmasters_heading_align_left\">\n\t<h3 class=\"cmsmasters_heading\">Taller de ingl\u00e9s<\/h3>\n<\/div><div class=\"cmsmasters_text\">\n<p style=\"text-align: justify;\">El taller est\u00e1 orientado para reforzar contenidos vistos en la asignatura de ingl\u00e9s, tiene como objetivo potenciar las habilidades de los estudiantes para as\u00ed aumentar sus calificaciones<\/p>\n<\/div>\n<\/div><\/div>\n<\/div>\n<\/div>\n<\/div>\n<\/div>\n<\/div>\n<div id=\"cmsmasters_row_mxo16411wn\" class=\"cmsmasters_row cmsmasters_color_scheme_default cmsmasters_row_top_default cmsmasters_row_bot_default cmsmasters_row_boxed\">\n<div class=\"cmsmasters_row_outer_parent\">\n<div class=\"cmsmasters_row_outer\">\n<div class=\"cmsmasters_row_inner\">\n<div class=\"cmsmasters_row_margin\">\n<div id=\"cmsmasters_column_hqnneb2048\" class=\"cmsmasters_column one_third\">\n<div class=\"cmsmasters_column_inner\"><div class=\"aligncenter\"><div class=\"cmsmasters_img  cmsmasters_image_c\"><img decoding=\"async\" src=\"https:\/\/iluvs.cl\/valledehualqui\/wp-content\/uploads\/2022\/04\/tall_010720201740010721202001593625201-300x300.png\" \/><\/div><\/div><div id=\"cmsmasters_heading_yupiuywsx\" class=\"cmsmasters_heading_wrap cmsmasters_heading_align_left\">\n\t<h3 class=\"cmsmasters_heading\">Taller de patinaje<\/h3>\n<\/div><div class=\"cmsmasters_text\">\n<p style=\"text-align: justify;\">El taller de patinaje busca desarrollar habilidades psicomotrices, por medio de diferentes actividades pedag\u00f3gicas que lleven a una correcta postura en patines. Tiene como objetivo promover el auto cuidado de la salud, sociabilizar, estimular el trabajo individual y en equipo. Trabajar la ubicaci\u00f3n espacial mediante juegos y actividades l\u00fadicas durante el entrenamiento en patines. cursos 1\u00b0 a 6\u00b0<\/p>\n<\/div>\n<\/div><\/div>\n<div id=\"cmsmasters_column_isswddb9h\" class=\"cmsmasters_column one_third\">\n<div class=\"cmsmasters_column_inner\"><div class=\"aligncenter\"><div class=\"cmsmasters_img  cmsmasters_image_c\"><img decoding=\"async\" src=\"https:\/\/iluvs.cl\/valledehualqui\/wp-content\/uploads\/2022\/04\/tall_020420191551590990720001554220319-300x300.png\" \/><\/div><\/div><div id=\"cmsmasters_heading_y6t50ouqd\" class=\"cmsmasters_heading_wrap cmsmasters_heading_align_left\">\n\t<h3 class=\"cmsmasters_heading\">Taller de F\u00fatbol<\/h3>\n<\/div><div class=\"cmsmasters_text\">\n<p style=\"text-align: justify;\">Este taller ofrece a los estudiantes, iniciarse en el conocimiento y experimentaci\u00f3n en el f\u00fatbol, dando la posibilidad del desarrollo f\u00edsico, personal, grupal, psicomotor y cognitivo. Tiene como objetivos que los estudiantes aprendan las reglas, y conocimientos del f\u00fatbol, para ejecutarlos en la cancha, y representar al Colegio en los diferentes compromisos deportivos que participen.El taller est\u00e1 orientado para los alumnos 1\u00b0- 8\u00b0 varones y 5\u00b0 a 8\u00b0 damas<\/p>\n<\/div>\n<\/div><\/div>\n<div id=\"cmsmasters_column_6mnyfht01t\" class=\"cmsmasters_column one_third\">\n<div class=\"cmsmasters_column_inner\"><div class=\"aligncenter\"><div class=\"cmsmasters_img  cmsmasters_image_c\"><img decoding=\"async\" src=\"https:\/\/iluvs.cl\/valledehualqui\/wp-content\/uploads\/2022\/04\/tall_020420191504430697565001554217483-300x300.png\" \/><\/div><\/div><div id=\"cmsmasters_heading_zzy14t0ob\" class=\"cmsmasters_heading_wrap cmsmasters_heading_align_left\">\n\t<h3 class=\"cmsmasters_heading\">Taller de ecolog\u00eda<\/h3>\n<\/div><div class=\"cmsmasters_text\">\n<p style=\"text-align: justify;\">El taller de Ecolog\u00eda se caracteriza por ense\u00f1ar el cuidado y protecci\u00f3n del medio ambiente y recursos naturales. Adem\u00e1s se generar\u00e1n instancias donde los estudiantes podr\u00e1n explorar y observar la naturaleza usando los sentidos apropiadamente durante las investigaciones, para abordar de manera flexible y creativa la b\u00fasqueda de soluciones a problemas en relaci\u00f3n a la naturaleza. Para que de esta forma se puedan abordar diversos objetivos de aprendizaje durante el a\u00f1o acad\u00e9mico y as\u00ed, manifestar curiosidad e inter\u00e9s por el aprendizaje de la ecolog\u00eda y ciencias naturales. Demostrando respeto y humildad al momento de realizar las actividades, ya sea en actividades individuales o grupales.&#8221;cursos 3\u00ba a 8\u00ba<\/p>\n<\/div>\n<\/div><\/div>\n<\/div>\n<\/div>\n<\/div>\n<\/div>\n<\/div>\n<div id=\"cmsmasters_row_qw0jn686j\" class=\"cmsmasters_row cmsmasters_color_scheme_default cmsmasters_row_top_default cmsmasters_row_bot_default cmsmasters_row_boxed\">\n<div class=\"cmsmasters_row_outer_parent\">\n<div class=\"cmsmasters_row_outer\">\n<div class=\"cmsmasters_row_inner\">\n<div class=\"cmsmasters_row_margin\">\n<div id=\"cmsmasters_column_878zqbey5o\" class=\"cmsmasters_column one_third\">\n<div class=\"cmsmasters_column_inner\"><div class=\"aligncenter\"><div class=\"cmsmasters_img  cmsmasters_image_c\"><img decoding=\"async\" src=\"https:\/\/iluvs.cl\/valledehualqui\/wp-content\/uploads\/2022\/04\/default_taller-300x300.png\" \/><\/div><\/div><div id=\"cmsmasters_heading_yn9vwht4av\" class=\"cmsmasters_heading_wrap cmsmasters_heading_align_left\">\n\t<h3 class=\"cmsmasters_heading\">Taller de Coro<\/h3>\n<\/div><div class=\"cmsmasters_text\">\n<p style=\"text-align: justify;\">Este taller busca formar un grupo coral que represente al establecimiento y que a trav\u00e9s del desarrollo de la m\u00fasica vocal se logre un espacio de entretenci\u00f3n y esparcimiento para los alumnos con la base de la educaci\u00f3n de la voz. Manejando un repertorio pertinente a las caracter\u00edsticas de los ni\u00f1os, para poder presentarse en las diferentes actividades de la comunidad escolar. El taller est\u00e1 orientado para los alumnos de 4\u00b0 a 8\u00b0 a\u00f1o<\/p>\n<\/div>\n<\/div><\/div>\n<div id=\"cmsmasters_column_qbfhb1g1hk\" class=\"cmsmasters_column one_third\">\n<div class=\"cmsmasters_column_inner\"><div class=\"aligncenter\"><div class=\"cmsmasters_img  cmsmasters_image_c\"><img decoding=\"async\" src=\"https:\/\/iluvs.cl\/valledehualqui\/wp-content\/uploads\/2022\/04\/tall_010720201754120716174001593626052-300x300.jpg\" \/><\/div><\/div><div id=\"cmsmasters_heading_34t0l2n64u\" class=\"cmsmasters_heading_wrap cmsmasters_heading_align_left\">\n\t<h3 class=\"cmsmasters_heading\">Taller instrumental<\/h3>\n<\/div><div class=\"cmsmasters_text\">\n<p style=\"text-align: justify;\">Este taller tiene como finalidad la de iniciar a los alumnos en el estudio y dominio de diferentes instrumentos musicales, utilizando t\u00e9cnicas para la interpretaci\u00f3n en conjunto de diferentes obras del repertorio popular, folkl\u00f3rico y\/o docto, dentro de un ambiente que favorezca la autonom\u00eda y autoestima de los alumnos. El taller est\u00e1 orientado para los alumnos de 1\u00b0 a 8\u00b0 a\u00f1o<\/p>\n<\/div>\n<\/div><\/div>\n<div id=\"cmsmasters_column_gyrfsf22h8\" class=\"cmsmasters_column one_third\">\n<div class=\"cmsmasters_column_inner\"><div class=\"aligncenter\"><div class=\"cmsmasters_img  cmsmasters_image_c\"><img decoding=\"async\" src=\"https:\/\/iluvs.cl\/valledehualqui\/wp-content\/uploads\/2022\/04\/tall_250620201914510740942001593112491-300x300.jpg\" \/><\/div><\/div><div id=\"cmsmasters_heading_2rjzu7v7dm\" class=\"cmsmasters_heading_wrap cmsmasters_heading_align_left\">\n\t<h3 class=\"cmsmasters_heading\">Taller de arte<\/h3>\n<\/div><div class=\"cmsmasters_text\">\n<p style=\"text-align: justify;\">Este taller busca ampliar el potencial creativo de los alumnos, fortalecer su libertad de expresi\u00f3n y provocar en ellos la inquietud de investigar diferentes t\u00e9cnicas de pintura, hasta descubrir su talento art\u00edstico. Adem\u00e1s, favorece a la autoestima, desarrollando habilidades como la resoluci\u00f3n de problemas, la organizaci\u00f3n de ideas, la percepci\u00f3n, la comunicaci\u00f3n efectiva y la expresi\u00f3n. Este taller est\u00e1 orientado para los alumnos de 1\u00b0 a 8\u00b0 a\u00f1o<\/p>\n<\/div>\n<\/div><\/div>\n<\/div>\n<\/div>\n<\/div>\n<\/div>\n<\/div>\n\n","protected":false},"excerpt":{"rendered":"","protected":false},"author":1,"featured_media":0,"parent":0,"menu_order":0,"comment_status":"closed","ping_status":"closed","template":"","meta":{"footnotes":""},"class_list":["post-16216","page","type-page","status-publish","hentry"],"yoast_head":"<!-- This site is optimized with the Yoast SEO plugin v18.5.1 - https:\/\/yoast.com\/wordpress\/plugins\/seo\/ -->\n<title>Formaci\u00f3n Integral - COLEGIO VALLE DE HUALQUI<\/title>\n<meta name=\"robots\" content=\"index, follow, max-snippet:-1, max-image-preview:large, max-video-preview:-1\" \/>\n<link rel=\"canonical\" href=\"https:\/\/iluvs.cl\/valledehualqui\/formacion-integral\/\" \/>\n<meta property=\"og:locale\" content=\"es_ES\" \/>\n<meta property=\"og:type\" content=\"article\" \/>\n<meta property=\"og:title\" content=\"Formaci\u00f3n Integral - COLEGIO VALLE DE HUALQUI\" \/>\n<meta property=\"og:url\" content=\"https:\/\/iluvs.cl\/valledehualqui\/formacion-integral\/\" \/>\n<meta property=\"og:site_name\" content=\"COLEGIO VALLE DE HUALQUI\" \/>\n<meta property=\"article:modified_time\" content=\"2022-04-10T06:17:20+00:00\" \/>\n<meta name=\"twitter:card\" content=\"summary_large_image\" \/>\n<meta name=\"twitter:label1\" content=\"Tiempo de lectura\" \/>\n\t<meta name=\"twitter:data1\" content=\"14 minutos\" \/>\n<script type=\"application\/ld+json\" class=\"yoast-schema-graph\">{\"@context\":\"https:\/\/schema.org\",\"@graph\":[{\"@type\":\"WebSite\",\"@id\":\"https:\/\/iluvs.cl\/valledehualqui\/#website\",\"url\":\"https:\/\/iluvs.cl\/valledehualqui\/\",\"name\":\"COLEGIO VALLE DE HUALQUI\",\"description\":\"Otro sitio realizado con WordPress\",\"potentialAction\":[{\"@type\":\"SearchAction\",\"target\":{\"@type\":\"EntryPoint\",\"urlTemplate\":\"https:\/\/iluvs.cl\/valledehualqui\/?s={search_term_string}\"},\"query-input\":\"required name=search_term_string\"}],\"inLanguage\":\"es\"},{\"@type\":\"WebPage\",\"@id\":\"https:\/\/iluvs.cl\/valledehualqui\/formacion-integral\/#webpage\",\"url\":\"https:\/\/iluvs.cl\/valledehualqui\/formacion-integral\/\",\"name\":\"Formaci\u00f3n Integral - COLEGIO VALLE DE HUALQUI\",\"isPartOf\":{\"@id\":\"https:\/\/iluvs.cl\/valledehualqui\/#website\"},\"datePublished\":\"2022-04-10T05:59:51+00:00\",\"dateModified\":\"2022-04-10T06:17:20+00:00\",\"breadcrumb\":{\"@id\":\"https:\/\/iluvs.cl\/valledehualqui\/formacion-integral\/#breadcrumb\"},\"inLanguage\":\"es\",\"potentialAction\":[{\"@type\":\"ReadAction\",\"target\":[\"https:\/\/iluvs.cl\/valledehualqui\/formacion-integral\/\"]}]},{\"@type\":\"BreadcrumbList\",\"@id\":\"https:\/\/iluvs.cl\/valledehualqui\/formacion-integral\/#breadcrumb\",\"itemListElement\":[{\"@type\":\"ListItem\",\"position\":1,\"name\":\"Home\",\"item\":\"https:\/\/iluvs.cl\/valledehualqui\/\"},{\"@type\":\"ListItem\",\"position\":2,\"name\":\"Formaci\u00f3n Integral\"}]}]}<\/script>\n<!-- \/ Yoast SEO plugin. -->","yoast_head_json":{"title":"Formaci\u00f3n Integral - COLEGIO VALLE DE HUALQUI","robots":{"index":"index","follow":"follow","max-snippet":"max-snippet:-1","max-image-preview":"max-image-preview:large","max-video-preview":"max-video-preview:-1"},"canonical":"https:\/\/iluvs.cl\/valledehualqui\/formacion-integral\/","og_locale":"es_ES","og_type":"article","og_title":"Formaci\u00f3n Integral - COLEGIO VALLE DE HUALQUI","og_url":"https:\/\/iluvs.cl\/valledehualqui\/formacion-integral\/","og_site_name":"COLEGIO VALLE DE HUALQUI","article_modified_time":"2022-04-10T06:17:20+00:00","twitter_card":"summary_large_image","twitter_misc":{"Tiempo de lectura":"14 minutos"},"schema":{"@context":"https:\/\/schema.org","@graph":[{"@type":"WebSite","@id":"https:\/\/iluvs.cl\/valledehualqui\/#website","url":"https:\/\/iluvs.cl\/valledehualqui\/","name":"COLEGIO VALLE DE HUALQUI","description":"Otro sitio realizado con WordPress","potentialAction":[{"@type":"SearchAction","target":{"@type":"EntryPoint","urlTemplate":"https:\/\/iluvs.cl\/valledehualqui\/?s={search_term_string}"},"query-input":"required name=search_term_string"}],"inLanguage":"es"},{"@type":"WebPage","@id":"https:\/\/iluvs.cl\/valledehualqui\/formacion-integral\/#webpage","url":"https:\/\/iluvs.cl\/valledehualqui\/formacion-integral\/","name":"Formaci\u00f3n Integral - COLEGIO VALLE DE HUALQUI","isPartOf":{"@id":"https:\/\/iluvs.cl\/valledehualqui\/#website"},"datePublished":"2022-04-10T05:59:51+00:00","dateModified":"2022-04-10T06:17:20+00:00","breadcrumb":{"@id":"https:\/\/iluvs.cl\/valledehualqui\/formacion-integral\/#breadcrumb"},"inLanguage":"es","potentialAction":[{"@type":"ReadAction","target":["https:\/\/iluvs.cl\/valledehualqui\/formacion-integral\/"]}]},{"@type":"BreadcrumbList","@id":"https:\/\/iluvs.cl\/valledehualqui\/formacion-integral\/#breadcrumb","itemListElement":[{"@type":"ListItem","position":1,"name":"Home","item":"https:\/\/iluvs.cl\/valledehualqui\/"},{"@type":"ListItem","position":2,"name":"Formaci\u00f3n Integral"}]}]}},"_links":{"self":[{"href":"https:\/\/iluvs.cl\/valledehualqui\/wp-json\/wp\/v2\/pages\/16216","targetHints":{"allow":["GET"]}}],"collection":[{"href":"https:\/\/iluvs.cl\/valledehualqui\/wp-json\/wp\/v2\/pages"}],"about":[{"href":"https:\/\/iluvs.cl\/valledehualqui\/wp-json\/wp\/v2\/types\/page"}],"author":[{"embeddable":true,"href":"https:\/\/iluvs.cl\/valledehualqui\/wp-json\/wp\/v2\/users\/1"}],"replies":[{"embeddable":true,"href":"https:\/\/iluvs.cl\/valledehualqui\/wp-json\/wp\/v2\/comments?post=16216"}],"version-history":[{"count":3,"href":"https:\/\/iluvs.cl\/valledehualqui\/wp-json\/wp\/v2\/pages\/16216\/revisions"}],"predecessor-version":[{"id":16236,"href":"https:\/\/iluvs.cl\/valledehualqui\/wp-json\/wp\/v2\/pages\/16216\/revisions\/16236"}],"wp:attachment":[{"href":"https:\/\/iluvs.cl\/valledehualqui\/wp-json\/wp\/v2\/media?parent=16216"}],"curies":[{"name":"wp","href":"https:\/\/api.w.org\/{rel}","templated":true}]}}