{"id":16355,"date":"2022-04-10T17:21:45","date_gmt":"2022-04-10T17:21:45","guid":{"rendered":"https:\/\/iluvs.cl\/valledehualqui\/?page_id=16355"},"modified":"2022-04-11T17:14:08","modified_gmt":"2022-04-11T17:14:08","slug":"galerias","status":"publish","type":"page","link":"https:\/\/iluvs.cl\/valledehualqui\/galerias\/","title":{"rendered":"Galer\u00edas"},"content":{"rendered":"<div id=\"cmsmasters_row_95ag5uktw\" class=\"cmsmasters_row cmsmasters_color_scheme_default cmsmasters_row_top_default cmsmasters_row_bot_default cmsmasters_row_boxed\">\n<div class=\"cmsmasters_row_outer_parent\">\n<div class=\"cmsmasters_row_outer\">\n<div class=\"cmsmasters_row_inner\">\n<div class=\"cmsmasters_row_margin\">\n<div id=\"cmsmasters_column_zk5omchj7\" class=\"cmsmasters_column one_first\">\n<div class=\"cmsmasters_column_inner\"><div id=\"cmsmasters_heading_4wos9lwqux\" class=\"cmsmasters_heading_wrap cmsmasters_heading_align_center\">\n\t<h1 class=\"cmsmasters_heading\">Galer\u00edas Fotogr\u00e1ficas<\/h1>\n<\/div>\n<\/div><\/div>\n<\/div>\n<\/div>\n<\/div>\n<\/div>\n<\/div>\n<div id=\"cmsmasters_row_5gvkg7ygcz\" class=\"cmsmasters_row cmsmasters_color_scheme_default cmsmasters_row_top_default cmsmasters_row_bot_default cmsmasters_row_boxed\">\n<div class=\"cmsmasters_row_outer_parent\">\n<div class=\"cmsmasters_row_outer\">\n<div class=\"cmsmasters_row_inner\">\n<div class=\"cmsmasters_row_margin\">\n<div id=\"cmsmasters_column_fq0w6b1hbr\" class=\"cmsmasters_column one_first\">\n<div class=\"cmsmasters_column_inner\"><div id=\"portfolio_jxvh7wnbwe\" class=\"cmsmasters_wrap_portfolio entry-summary\" data-layout=\"grid\" data-layout-mode=\"perfect\" data-url=\"https:\/\/iluvs.cl\/valledehualqui\/wp-content\/plugins\/cmsmasters-content-composer\/\" data-orderby=\"date\" data-order=\"DESC\" data-count=\"10\" data-categories=\"colegio\" data-metadata=\"title\"><div class=\"portfolio grid large_gap perfect cmsmasters_5\"><!-- Start Project Grid Article -->\r\n<article id=\"post-1164\" class=\"cmsmasters_project_grid post-1164 project type-project status-publish format-standard has-post-thumbnail hentry pj-categs-colegio\" data-category=\"colegio\">\r\n\t<div class=\"project_outer\">\r\n\t<div class=\"cmsmasters_project_images_wrap\"><figure class=\"cmsmasters_img_rollover_wrap preloader\"><img loading=\"lazy\" decoding=\"async\" width=\"580\" height=\"410\" src=\"https:\/\/iluvs.cl\/valledehualqui\/wp-content\/uploads\/2017\/05\/Cuadro-de-honor-5\u00b0A-580x410.png\" class=\"full-width wp-post-image\" alt=\"CUADRO DE HONOR 2021\" title=\"Cuadro de honor 5\u00b0A\" \/><div class=\"cmsmasters_img_rollover\"><a href=\"https:\/\/iluvs.cl\/valledehualqui\/project\/primary-school-admission\/\" title=\"CUADRO DE HONOR 2021\" class=\"cmsmasters_open_link\"><\/a><\/div><\/figure><\/div><div class=\"project_inner\"><header class=\"cmsmasters_project_header entry-header\"><h2 class=\"cmsmasters_project_title entry-title\"><a href=\"https:\/\/iluvs.cl\/valledehualqui\/project\/primary-school-admission\/\">CUADRO DE HONOR 2021<\/a><\/h2><\/header><\/div><span class=\"dn meta-date\">20220304143300<\/span>\t<\/div>\r\n<\/article>\r\n<!-- Finish Project Grid Article -->\r\n\r\n<!-- Start Project Grid Article -->\r\n<article id=\"post-16376\" class=\"cmsmasters_project_grid post-16376 project type-project status-publish format-standard has-post-thumbnail hentry pj-categs-colegio\" data-category=\"colegio\">\r\n\t<div class=\"project_outer\">\r\n\t<div class=\"cmsmasters_project_images_wrap\"><figure class=\"cmsmasters_img_rollover_wrap preloader\"><img loading=\"lazy\" decoding=\"async\" width=\"580\" height=\"410\" src=\"https:\/\/iluvs.cl\/valledehualqui\/wp-content\/uploads\/2022\/04\/licenciatura-2021-5-580x410.jpg\" class=\"full-width wp-post-image\" alt=\"LICENCIATURA 8\u00b0 2021\" title=\"licenciatura-2021-5\" \/><div class=\"cmsmasters_img_rollover\"><a href=\"https:\/\/iluvs.cl\/valledehualqui\/project\/licenciatura-8-2021\/\" title=\"LICENCIATURA 8\u00b0 2021\" class=\"cmsmasters_open_link\"><\/a><\/div><\/figure><\/div><div class=\"project_inner\"><header class=\"cmsmasters_project_header entry-header\"><h2 class=\"cmsmasters_project_title entry-title\"><a href=\"https:\/\/iluvs.cl\/valledehualqui\/project\/licenciatura-8-2021\/\">LICENCIATURA 8\u00b0 2021<\/a><\/h2><\/header><\/div><span class=\"dn meta-date\">20220211143147<\/span>\t<\/div>\r\n<\/article>\r\n<!-- Finish Project Grid Article -->\r\n\r\n<!-- Start Project Grid Article -->\r\n<article id=\"post-16391\" class=\"cmsmasters_project_grid post-16391 project type-project status-publish format-standard has-post-thumbnail hentry pj-categs-colegio\" data-category=\"colegio\">\r\n\t<div class=\"project_outer\">\r\n\t<div class=\"cmsmasters_project_images_wrap\"><figure class=\"cmsmasters_img_rollover_wrap preloader\"><img loading=\"lazy\" decoding=\"async\" width=\"580\" height=\"410\" src=\"https:\/\/iluvs.cl\/valledehualqui\/wp-content\/uploads\/2022\/04\/DSC03824-580x410.jpg\" class=\"full-width wp-post-image\" alt=\"APREND\u00cd A LEER 2021\" title=\"DSC03824\" \/><div class=\"cmsmasters_img_rollover\"><a href=\"https:\/\/iluvs.cl\/valledehualqui\/project\/aprendi-a-leer-2021\/\" title=\"APREND\u00cd A LEER 2021\" class=\"cmsmasters_open_link\"><\/a><\/div><\/figure><\/div><div class=\"project_inner\"><header class=\"cmsmasters_project_header entry-header\"><h2 class=\"cmsmasters_project_title entry-title\"><a href=\"https:\/\/iluvs.cl\/valledehualqui\/project\/aprendi-a-leer-2021\/\">APREND\u00cd A LEER 2021<\/a><\/h2><\/header><\/div><span class=\"dn meta-date\">20220210143803<\/span>\t<\/div>\r\n<\/article>\r\n<!-- Finish Project Grid Article -->\r\n\r\n<!-- Start Project Grid Article -->\r\n<article id=\"post-16418\" class=\"cmsmasters_project_grid post-16418 project type-project status-publish format-standard has-post-thumbnail hentry pj-categs-colegio\" data-category=\"colegio\">\r\n\t<div class=\"project_outer\">\r\n\t<div class=\"cmsmasters_project_images_wrap\"><figure class=\"cmsmasters_img_rollover_wrap preloader\"><img loading=\"lazy\" decoding=\"async\" width=\"492\" height=\"410\" src=\"https:\/\/iluvs.cl\/valledehualqui\/wp-content\/uploads\/2022\/04\/Screenshot_20211122_152641_com.google.android.gm_-492x410.jpg\" class=\"full-width wp-post-image\" alt=\"DIA NACIONAL DE LA EDUCACI\u00d3N PARVULARIA\" title=\"Screenshot_20211122_152641_com.google.android.gm\" \/><div class=\"cmsmasters_img_rollover\"><a href=\"https:\/\/iluvs.cl\/valledehualqui\/project\/dia-nacional-de-la-educacion-parvularia\/\" title=\"DIA NACIONAL DE LA EDUCACI\u00d3N PARVULARIA\" class=\"cmsmasters_open_link\"><\/a><\/div><\/figure><\/div><div class=\"project_inner\"><header class=\"cmsmasters_project_header entry-header\"><h2 class=\"cmsmasters_project_title entry-title\"><a href=\"https:\/\/iluvs.cl\/valledehualqui\/project\/dia-nacional-de-la-educacion-parvularia\/\">DIA NACIONAL DE LA EDUCACI\u00d3N PARVULARIA<\/a><\/h2><\/header><\/div><span class=\"dn meta-date\">20220209144542<\/span>\t<\/div>\r\n<\/article>\r\n<!-- Finish Project Grid Article -->\r\n\r\n<!-- Start Project Grid Article -->\r\n<article id=\"post-16423\" class=\"cmsmasters_project_grid post-16423 project type-project status-publish format-standard has-post-thumbnail hentry pj-categs-colegio\" data-category=\"colegio\">\r\n\t<div class=\"project_outer\">\r\n\t<div class=\"cmsmasters_project_images_wrap\"><figure class=\"cmsmasters_img_rollover_wrap preloader\"><img loading=\"lazy\" decoding=\"async\" width=\"580\" height=\"410\" src=\"https:\/\/iluvs.cl\/valledehualqui\/wp-content\/uploads\/2022\/04\/IMG_9569-580x410.jpg\" class=\"full-width wp-post-image\" alt=\"CEREMONIA DE PREMIACI\u00d3N D\u00cdA DEL PROFESOR Y ASISTENTE DE LA EDUCACI\u00d3N\" title=\"IMG_9569\" \/><div class=\"cmsmasters_img_rollover\"><a href=\"https:\/\/iluvs.cl\/valledehualqui\/project\/ceremonia-de-premiacion-dia-del-profesor-y-asistente-de-la-educacion\/\" title=\"CEREMONIA DE PREMIACI\u00d3N D\u00cdA DEL PROFESOR Y ASISTENTE DE LA EDUCACI\u00d3N\" class=\"cmsmasters_open_link\"><\/a><\/div><\/figure><\/div><div class=\"project_inner\"><header class=\"cmsmasters_project_header entry-header\"><h2 class=\"cmsmasters_project_title entry-title\"><a href=\"https:\/\/iluvs.cl\/valledehualqui\/project\/ceremonia-de-premiacion-dia-del-profesor-y-asistente-de-la-educacion\/\">CEREMONIA DE PREMIACI\u00d3N D\u00cdA DEL PROFESOR Y ASISTENTE DE LA EDUCACI\u00d3N<\/a><\/h2><\/header><\/div><span class=\"dn meta-date\">20220208162943<\/span>\t<\/div>\r\n<\/article>\r\n<!-- Finish Project Grid Article -->\r\n\r\n<!-- Start Project Grid Article -->\r\n<article id=\"post-16434\" class=\"cmsmasters_project_grid post-16434 project type-project status-publish format-standard has-post-thumbnail hentry pj-categs-colegio\" data-category=\"colegio\">\r\n\t<div class=\"project_outer\">\r\n\t<div class=\"cmsmasters_project_images_wrap\"><figure class=\"cmsmasters_img_rollover_wrap preloader\"><img loading=\"lazy\" decoding=\"async\" width=\"580\" height=\"410\" src=\"https:\/\/iluvs.cl\/valledehualqui\/wp-content\/uploads\/2022\/04\/WRTYUIOP\u00b4_page-0005-580x410.jpg\" class=\"full-width wp-post-image\" alt=\"EL ARTE ES LA EXPRESI\u00d3N DE LOS MAS PROFUNDOS PENSAMIENTOS POR LOS CAMINOS MAS SENCILLOS\" title=\"WRTYUIOP\u00b4+_page-0005\" \/><div class=\"cmsmasters_img_rollover\"><a href=\"https:\/\/iluvs.cl\/valledehualqui\/project\/el-arte-es-la-expresion-de-los-mas-profundos-pensamientos-por-los-caminos-mas-sencillos\/\" title=\"EL ARTE ES LA EXPRESI\u00d3N DE LOS MAS PROFUNDOS PENSAMIENTOS POR LOS CAMINOS MAS SENCILLOS\" class=\"cmsmasters_open_link\"><\/a><\/div><\/figure><\/div><div class=\"project_inner\"><header class=\"cmsmasters_project_header entry-header\"><h2 class=\"cmsmasters_project_title entry-title\"><a href=\"https:\/\/iluvs.cl\/valledehualqui\/project\/el-arte-es-la-expresion-de-los-mas-profundos-pensamientos-por-los-caminos-mas-sencillos\/\">EL ARTE ES LA EXPRESI\u00d3N DE LOS MAS PROFUNDOS PENSAMIENTOS POR LOS CAMINOS MAS SENCILLOS<\/a><\/h2><\/header><\/div><span class=\"dn meta-date\">20220111171110<\/span>\t<\/div>\r\n<\/article>\r\n<!-- Finish Project Grid Article -->\r\n\r\n<\/div><div class=\"cmsmasters_wrap_more_projects cmsmasters_wrap_more_items\"><\/div><\/div>\n<\/div><\/div>\n<\/div>\n<\/div>\n<\/div>\n<\/div>\n<\/div>\n\n","protected":false},"excerpt":{"rendered":"","protected":false},"author":1,"featured_media":0,"parent":0,"menu_order":0,"comment_status":"closed","ping_status":"closed","template":"","meta":{"footnotes":""},"class_list":["post-16355","page","type-page","status-publish","hentry"],"yoast_head":"<!-- This site is optimized with the Yoast SEO plugin v18.5.1 - https:\/\/yoast.com\/wordpress\/plugins\/seo\/ -->\n<title>Galer\u00edas - COLEGIO VALLE DE HUALQUI<\/title>\n<meta name=\"robots\" content=\"index, follow, max-snippet:-1, max-image-preview:large, max-video-preview:-1\" \/>\n<link rel=\"canonical\" href=\"https:\/\/iluvs.cl\/valledehualqui\/galerias\/\" \/>\n<meta property=\"og:locale\" content=\"es_ES\" \/>\n<meta property=\"og:type\" content=\"article\" \/>\n<meta property=\"og:title\" content=\"Galer\u00edas - COLEGIO VALLE DE HUALQUI\" \/>\n<meta property=\"og:url\" content=\"https:\/\/iluvs.cl\/valledehualqui\/galerias\/\" \/>\n<meta property=\"og:site_name\" content=\"COLEGIO VALLE DE HUALQUI\" \/>\n<meta property=\"article:modified_time\" content=\"2022-04-11T17:14:08+00:00\" \/>\n<meta name=\"twitter:card\" content=\"summary_large_image\" \/>\n<meta name=\"twitter:label1\" content=\"Tiempo de lectura\" \/>\n\t<meta name=\"twitter:data1\" content=\"1 minuto\" \/>\n<script type=\"application\/ld+json\" class=\"yoast-schema-graph\">{\"@context\":\"https:\/\/schema.org\",\"@graph\":[{\"@type\":\"WebSite\",\"@id\":\"https:\/\/iluvs.cl\/valledehualqui\/#website\",\"url\":\"https:\/\/iluvs.cl\/valledehualqui\/\",\"name\":\"COLEGIO VALLE DE HUALQUI\",\"description\":\"Otro sitio realizado con WordPress\",\"potentialAction\":[{\"@type\":\"SearchAction\",\"target\":{\"@type\":\"EntryPoint\",\"urlTemplate\":\"https:\/\/iluvs.cl\/valledehualqui\/?s={search_term_string}\"},\"query-input\":\"required name=search_term_string\"}],\"inLanguage\":\"es\"},{\"@type\":\"WebPage\",\"@id\":\"https:\/\/iluvs.cl\/valledehualqui\/galerias\/#webpage\",\"url\":\"https:\/\/iluvs.cl\/valledehualqui\/galerias\/\",\"name\":\"Galer\u00edas - COLEGIO VALLE DE HUALQUI\",\"isPartOf\":{\"@id\":\"https:\/\/iluvs.cl\/valledehualqui\/#website\"},\"datePublished\":\"2022-04-10T17:21:45+00:00\",\"dateModified\":\"2022-04-11T17:14:08+00:00\",\"breadcrumb\":{\"@id\":\"https:\/\/iluvs.cl\/valledehualqui\/galerias\/#breadcrumb\"},\"inLanguage\":\"es\",\"potentialAction\":[{\"@type\":\"ReadAction\",\"target\":[\"https:\/\/iluvs.cl\/valledehualqui\/galerias\/\"]}]},{\"@type\":\"BreadcrumbList\",\"@id\":\"https:\/\/iluvs.cl\/valledehualqui\/galerias\/#breadcrumb\",\"itemListElement\":[{\"@type\":\"ListItem\",\"position\":1,\"name\":\"Home\",\"item\":\"https:\/\/iluvs.cl\/valledehualqui\/\"},{\"@type\":\"ListItem\",\"position\":2,\"name\":\"Galer\u00edas\"}]}]}<\/script>\n<!-- \/ Yoast SEO plugin. -->","yoast_head_json":{"title":"Galer\u00edas - COLEGIO VALLE DE HUALQUI","robots":{"index":"index","follow":"follow","max-snippet":"max-snippet:-1","max-image-preview":"max-image-preview:large","max-video-preview":"max-video-preview:-1"},"canonical":"https:\/\/iluvs.cl\/valledehualqui\/galerias\/","og_locale":"es_ES","og_type":"article","og_title":"Galer\u00edas - COLEGIO VALLE DE HUALQUI","og_url":"https:\/\/iluvs.cl\/valledehualqui\/galerias\/","og_site_name":"COLEGIO VALLE DE HUALQUI","article_modified_time":"2022-04-11T17:14:08+00:00","twitter_card":"summary_large_image","twitter_misc":{"Tiempo de lectura":"1 minuto"},"schema":{"@context":"https:\/\/schema.org","@graph":[{"@type":"WebSite","@id":"https:\/\/iluvs.cl\/valledehualqui\/#website","url":"https:\/\/iluvs.cl\/valledehualqui\/","name":"COLEGIO VALLE DE HUALQUI","description":"Otro sitio realizado con WordPress","potentialAction":[{"@type":"SearchAction","target":{"@type":"EntryPoint","urlTemplate":"https:\/\/iluvs.cl\/valledehualqui\/?s={search_term_string}"},"query-input":"required name=search_term_string"}],"inLanguage":"es"},{"@type":"WebPage","@id":"https:\/\/iluvs.cl\/valledehualqui\/galerias\/#webpage","url":"https:\/\/iluvs.cl\/valledehualqui\/galerias\/","name":"Galer\u00edas - COLEGIO VALLE DE HUALQUI","isPartOf":{"@id":"https:\/\/iluvs.cl\/valledehualqui\/#website"},"datePublished":"2022-04-10T17:21:45+00:00","dateModified":"2022-04-11T17:14:08+00:00","breadcrumb":{"@id":"https:\/\/iluvs.cl\/valledehualqui\/galerias\/#breadcrumb"},"inLanguage":"es","potentialAction":[{"@type":"ReadAction","target":["https:\/\/iluvs.cl\/valledehualqui\/galerias\/"]}]},{"@type":"BreadcrumbList","@id":"https:\/\/iluvs.cl\/valledehualqui\/galerias\/#breadcrumb","itemListElement":[{"@type":"ListItem","position":1,"name":"Home","item":"https:\/\/iluvs.cl\/valledehualqui\/"},{"@type":"ListItem","position":2,"name":"Galer\u00edas"}]}]}},"_links":{"self":[{"href":"https:\/\/iluvs.cl\/valledehualqui\/wp-json\/wp\/v2\/pages\/16355","targetHints":{"allow":["GET"]}}],"collection":[{"href":"https:\/\/iluvs.cl\/valledehualqui\/wp-json\/wp\/v2\/pages"}],"about":[{"href":"https:\/\/iluvs.cl\/valledehualqui\/wp-json\/wp\/v2\/types\/page"}],"author":[{"embeddable":true,"href":"https:\/\/iluvs.cl\/valledehualqui\/wp-json\/wp\/v2\/users\/1"}],"replies":[{"embeddable":true,"href":"https:\/\/iluvs.cl\/valledehualqui\/wp-json\/wp\/v2\/comments?post=16355"}],"version-history":[{"count":12,"href":"https:\/\/iluvs.cl\/valledehualqui\/wp-json\/wp\/v2\/pages\/16355\/revisions"}],"predecessor-version":[{"id":16464,"href":"https:\/\/iluvs.cl\/valledehualqui\/wp-json\/wp\/v2\/pages\/16355\/revisions\/16464"}],"wp:attachment":[{"href":"https:\/\/iluvs.cl\/valledehualqui\/wp-json\/wp\/v2\/media?parent=16355"}],"curies":[{"name":"wp","href":"https:\/\/api.w.org\/{rel}","templated":true}]}}